{"id":6136,"date":"2022-06-29T17:25:49","date_gmt":"2022-06-29T17:25:49","guid":{"rendered":"https:\/\/appefilhos.pt\/?page_id=6136"},"modified":"2022-07-04T16:32:23","modified_gmt":"2022-07-04T16:32:23","slug":"missao-visao-e-valores","status":"publish","type":"page","link":"https:\/\/appefilhos.pt\/missao-visao-e-valores\/","title":{"rendered":"Miss\u00e3o, Vis\u00e3o e Valores"},"content":{"rendered":"<p>[vc_row][vc_column]<div class=\"qodef-elements-holder   qodef-one-column  qodef-responsive-mode-768   \" ><div class=\"qodef-eh-item     \"  data-item-class=\"qodef-eh-custom-8361\" data-1024-1366=\"100px 180px\" data-768-1024=\"100px 80px\" data-680-768=\"100px 50px\" data-680=\"100px 10px\">\n\t<div class=\"qodef-eh-item-inner\">\n\t\t<div class=\"qodef-eh-item-content qodef-eh-custom-8361\" style=\"padding: 100px 250px\">\n\t\t\t<div class=\"qodef-section-title-holder  qodef-st-corners qodef-st-title-left qodef-st-normal-space  \" style=\"text-align: center\">\n\t<div class=\"qodef-st-inner\">\n                    <span class=\"qodef-corner-line line-1\"><\/span>\n            <span class=\"qodef-corner-line line-2\"><\/span>\n            <span class=\"qodef-corner-line line-3\"><\/span>\n            <span class=\"qodef-corner-line line-4\"><\/span>\n        \t\t\t\t\t<h2 class=\"qodef-st-title\" style=\"color: #ddcf28\">\n\t\t\t\tMiss\u00e3o, Vis\u00e3o e Valores\t\t\t<\/h2>\n\t\t\t\t\t<\/div>\n<\/div>\t\t<\/div>\n\t<\/div>\n<\/div><\/div>[\/vc_column][\/vc_row][vc_row css=&#8221;.vc_custom_1656952337000{padding-bottom: 80px !important;}&#8221;][vc_column width=&#8221;1\/2&#8243;][vc_column_text]<\/p>\n<h4>Miss\u00e3o<\/h4>\n<p>[\/vc_column_text][vc_column_text]Permitir ao cliente ter ao seu dispor as melhores solu\u00e7\u00f5es para constru\u00e7\u00e3o.[\/vc_column_text][vc_column_text]<\/p>\n<h4>Vis\u00e3o<\/h4>\n<p>[\/vc_column_text][vc_column_text]Tornar-se numa refer\u00eancia no setor da venda de materiais constru\u00e7\u00e3o, alinhada com as melhores pr\u00e1ticas de mercado, com uma permanente inova\u00e7\u00e3o para prestar um servi\u00e7o de excel\u00eancia aos seus clientes.[\/vc_column_text][\/vc_column][vc_column width=&#8221;1\/2&#8243;][vc_column_text]<\/p>\n<h4>Valores<\/h4>\n<p>[\/vc_column_text][vc_column_text]<strong>Honestidade<\/strong> &#8211; A nossa empresa rege-se pelos princ\u00edpios da honestidade, integridade, lealdade.<\/p>\n<p><strong>Ambi\u00e7\u00e3o <\/strong>&#8211; Pretendemos sempre ser os melhores no atendimento ao cliente e na cria\u00e7\u00e3o de solu\u00e7\u00f5es para os mesmos.<\/p>\n<p><strong>Esp\u00edrito de grupo e de perten\u00e7a<\/strong> &#8211; a nossa empresa incentiva a liga\u00e7\u00e3o entre cada colaborador, de forma a trabalharmos em equipa e a sentir que fazemos parte deste projeto.[\/vc_column_text][\/vc_column][\/vc_row][vc_row css=&#8221;.vc_custom_1656950013825{padding-bottom: 80px !important;}&#8221;][vc_column width=&#8221;1\/2&#8243;][vc_single_image image=&#8221;6285&#8243; img_size=&#8221;585&#215;250&#8243;][\/vc_column][vc_column width=&#8221;1\/2&#8243;][vc_single_image image=&#8221;6287&#8243; img_size=&#8221;585&#215;250&#8243;][\/vc_column][\/vc_row]<\/p>\n","protected":false},"excerpt":{"rendered":"<p>[vc_row][vc_column][\/vc_column][\/vc_row][vc_row css=&#8221;.vc_custom_1656952337000{padding-bottom: 80px !important;}&#8221;][vc_column width=&#8221;1\/2&#8243;][vc_column_text] Miss\u00e3o [\/vc_column_text][vc_column_text]Permitir ao cliente ter ao seu dispor as melhores solu\u00e7\u00f5es para constru\u00e7\u00e3o.[\/vc_column_text][vc_column_text] Vis\u00e3o [\/vc_column_text][vc_column_text]Tornar-se numa refer\u00eancia no setor da venda de materiais constru\u00e7\u00e3o, alinhada com as melhores pr\u00e1ticas de mercado, com uma permanente inova\u00e7\u00e3o para prestar um servi\u00e7o de excel\u00eancia aos seus clientes.[\/vc_column_text][\/vc_column][vc_column width=&#8221;1\/2&#8243;][vc_column_text] [&hellip;]<\/p>\n","protected":false},"author":2,"featured_media":0,"parent":0,"menu_order":0,"comment_status":"closed","ping_status":"closed","template":"","meta":{"footnotes":""},"class_list":["post-6136","page","type-page","status-publish","hentry"],"_links":{"self":[{"href":"https:\/\/appefilhos.pt\/wp-json\/wp\/v2\/pages\/6136","targetHints":{"allow":["GET"]}}],"collection":[{"href":"https:\/\/appefilhos.pt\/wp-json\/wp\/v2\/pages"}],"about":[{"href":"https:\/\/appefilhos.pt\/wp-json\/wp\/v2\/types\/page"}],"author":[{"embeddable":true,"href":"https:\/\/appefilhos.pt\/wp-json\/wp\/v2\/users\/2"}],"replies":[{"embeddable":true,"href":"https:\/\/appefilhos.pt\/wp-json\/wp\/v2\/comments?post=6136"}],"version-history":[{"count":20,"href":"https:\/\/appefilhos.pt\/wp-json\/wp\/v2\/pages\/6136\/revisions"}],"predecessor-version":[{"id":6292,"href":"https:\/\/appefilhos.pt\/wp-json\/wp\/v2\/pages\/6136\/revisions\/6292"}],"wp:attachment":[{"href":"https:\/\/appefilhos.pt\/wp-json\/wp\/v2\/media?parent=6136"}],"curies":[{"name":"wp","href":"https:\/\/api.w.org\/{rel}","templated":true}]}}