{"id":5984,"date":"2022-06-24T15:55:41","date_gmt":"2022-06-24T15:55:41","guid":{"rendered":"https:\/\/appefilhos.pt\/?post_type=product&#038;p=5984"},"modified":"2022-12-05T17:45:30","modified_gmt":"2022-12-05T17:45:30","slug":"sikagard-700-s","status":"publish","type":"product","link":"https:\/\/appefilhos.pt\/produto\/sikagard-700-s\/","title":{"rendered":"Sikagard &#8211; 700 S"},"content":{"rendered":"<div class=\"cmp-product__description--short\">\n<div class=\"cmp-product__description--short\">Impregna\u00e7\u00e3o repelente de \u00e1gua \u00e0 base de siloxanos<\/div>\n<p class=\"cmp-text__paragraph cmp-line-clamp--3\" data-lines=\"3\" data-read-more=\"Ler mais +\" data-read-less=\"Ler menos -\">Sikagard\u00ae-700 S \u00e9 uma impregna\u00e7\u00e3o repelente de \u00e1gua monocomponente para superf\u00edcies absorventes. Penetra facilmente nos poros abertos da superf\u00edcie, proporcionando uma repel\u00eancia de \u00e1gua duradoura, sem alterar a capacidade de difus\u00e3o de vapor da superf\u00edcie. Sikagard\u00ae-700 S est\u00e1 em conformidade com os requisitos da norma EN 1504-2 para impregna\u00e7\u00f5es hidrof\u00f3bicas (profundidade de penetra\u00e7\u00e3o Classe I).<\/p>\n<\/div>\n<ul>\n<li>Reduz a absor\u00e7\u00e3o de \u00e1gua por capilaridade.<\/li>\n<li>Reduz o aparecimento de efloresc\u00eancias.<\/li>\n<li>Diminui a penetra\u00e7\u00e3o de poeiras e impurezas nos poros superficiais.<\/li>\n<\/ul>\n","protected":false},"excerpt":{"rendered":"<p>Impregna\u00e7\u00e3o repelente de \u00e1gua \u00e0 base de siloxanos Sikagard\u00ae-700 S \u00e9 uma impregna\u00e7\u00e3o repelente de \u00e1gua monocomponente para superf\u00edcies absorventes. Penetra facilmente nos poros abertos da superf\u00edcie, proporcionando uma repel\u00eancia de \u00e1gua duradoura, sem alterar a capacidade de difus\u00e3o de vapor da superf\u00edcie. Sikagard\u00ae-700 S est\u00e1 em conformidade com os [&hellip;]<\/p>\n","protected":false},"featured_media":5983,"comment_status":"closed","ping_status":"closed","template":"","meta":[],"product_cat":[82],"product_tag":[84,83],"class_list":["post-5984","product","type-product","status-publish","has-post-thumbnail","hentry","product_cat-sika","product_tag-700-s","product_tag-sika"],"_links":{"self":[{"href":"https:\/\/appefilhos.pt\/wp-json\/wp\/v2\/product\/5984","targetHints":{"allow":["GET"]}}],"collection":[{"href":"https:\/\/appefilhos.pt\/wp-json\/wp\/v2\/product"}],"about":[{"href":"https:\/\/appefilhos.pt\/wp-json\/wp\/v2\/types\/product"}],"replies":[{"embeddable":true,"href":"https:\/\/appefilhos.pt\/wp-json\/wp\/v2\/comments?post=5984"}],"wp:featuredmedia":[{"embeddable":true,"href":"https:\/\/appefilhos.pt\/wp-json\/wp\/v2\/media\/5983"}],"wp:attachment":[{"href":"https:\/\/appefilhos.pt\/wp-json\/wp\/v2\/media?parent=5984"}],"wp:term":[{"taxonomy":"product_cat","embeddable":true,"href":"https:\/\/appefilhos.pt\/wp-json\/wp\/v2\/product_cat?post=5984"},{"taxonomy":"product_tag","embeddable":true,"href":"https:\/\/appefilhos.pt\/wp-json\/wp\/v2\/product_tag?post=5984"}],"curies":[{"name":"wp","href":"https:\/\/api.w.org\/{rel}","templated":true}]}}