{"id":5989,"date":"2022-06-27T14:03:06","date_gmt":"2022-06-27T14:03:06","guid":{"rendered":"https:\/\/appefilhos.pt\/?post_type=product&#038;p=5989"},"modified":"2022-12-05T17:45:23","modified_gmt":"2022-12-05T17:45:23","slug":"sika-separol","status":"publish","type":"product","link":"https:\/\/appefilhos.pt\/produto\/sika-separol\/","title":{"rendered":"Sika Separol"},"content":{"rendered":"<div class=\"cmp-product__description--short\">\n<div class=\"cmp-product__description--short\">Descofrante universal de alto desempenho pronto a aplicar.<\/div>\n<\/div>\n<div>Sika\u00ae Separol\u00ae Universal \u00e9 um descofrante de elevado rendimento, de base vegetal, adequado para moldes absorventes (madeira) e n\u00e3o absorventes (met\u00e1licos).<\/div>\n<div>\n<ul>\n<li>Aplicado por proje\u00e7\u00e3o, com pincel, trincha ou esfreg\u00e3o<\/li>\n<li>Evita a ader\u00eancia da leitan\u00e7a superficial de bet\u00f5es e argamassas a todas as zonas tratadas<\/li>\n<li>Permite manter a capacidade de desmoldagem<\/li>\n<\/ul>\n<\/div>\n","protected":false},"excerpt":{"rendered":"<p>Descofrante universal de alto desempenho pronto a aplicar. Sika\u00ae Separol\u00ae Universal \u00e9 um descofrante de elevado rendimento, de base vegetal, adequado para moldes absorventes (madeira) e n\u00e3o absorventes (met\u00e1licos). Aplicado por proje\u00e7\u00e3o, com pincel, trincha ou esfreg\u00e3o Evita a ader\u00eancia da leitan\u00e7a superficial de bet\u00f5es e argamassas a todas as [&hellip;]<\/p>\n","protected":false},"featured_media":5990,"comment_status":"closed","ping_status":"closed","template":"","meta":[],"product_cat":[82],"product_tag":[85,83],"class_list":["post-5989","product","type-product","status-publish","has-post-thumbnail","hentry","product_cat-sika","product_tag-separol","product_tag-sika"],"_links":{"self":[{"href":"https:\/\/appefilhos.pt\/wp-json\/wp\/v2\/product\/5989","targetHints":{"allow":["GET"]}}],"collection":[{"href":"https:\/\/appefilhos.pt\/wp-json\/wp\/v2\/product"}],"about":[{"href":"https:\/\/appefilhos.pt\/wp-json\/wp\/v2\/types\/product"}],"replies":[{"embeddable":true,"href":"https:\/\/appefilhos.pt\/wp-json\/wp\/v2\/comments?post=5989"}],"wp:featuredmedia":[{"embeddable":true,"href":"https:\/\/appefilhos.pt\/wp-json\/wp\/v2\/media\/5990"}],"wp:attachment":[{"href":"https:\/\/appefilhos.pt\/wp-json\/wp\/v2\/media?parent=5989"}],"wp:term":[{"taxonomy":"product_cat","embeddable":true,"href":"https:\/\/appefilhos.pt\/wp-json\/wp\/v2\/product_cat?post=5989"},{"taxonomy":"product_tag","embeddable":true,"href":"https:\/\/appefilhos.pt\/wp-json\/wp\/v2\/product_tag?post=5989"}],"curies":[{"name":"wp","href":"https:\/\/api.w.org\/{rel}","templated":true}]}}