{"id":5991,"date":"2022-06-27T14:15:08","date_gmt":"2022-06-27T14:15:08","guid":{"rendered":"https:\/\/appefilhos.pt\/?post_type=product&#038;p=5991"},"modified":"2022-12-05T17:45:08","modified_gmt":"2022-12-05T17:45:08","slug":"sikalatex","status":"publish","type":"product","link":"https:\/\/appefilhos.pt\/produto\/sikalatex\/","title":{"rendered":"SikaLatex"},"content":{"rendered":"<div class=\"cmp-product__description--short\">\n<div class=\"cmp-product__description--short\">Agente de ader\u00eancia resistente \u00e0 \u00e1gua para produ\u00e7\u00e3o de argamassas.<\/div>\n<\/div>\n<div>SikaLatex\u00ae \u00e9 uma emuls\u00e3o de borracha sint\u00e9tica usada como aditivo para pontes de uni\u00e3o ciment\u00edcia e produ\u00e7\u00e3o de argamassas de elevada qualidade.<\/div>\n<div><\/div>\n<div><strong>As principais vantagens do SikaLatex\u00ae s\u00e3o:<\/strong><\/div>\n<ul>\n<li>Maior e melhor ader\u00eancia<\/li>\n<li>Controle de fissura\u00e7\u00e3o<\/li>\n<li>Maior resist\u00eancia \u00e0 abras\u00e3o<\/li>\n<li>Permeabilidade reduzida<\/li>\n<li>Melhor trabalhabilidade<\/li>\n<li>F\u00e1cil de usar<\/li>\n<li>Adequado aos substratos de constru\u00e7\u00e3o mais comuns<\/li>\n<\/ul>\n","protected":false},"excerpt":{"rendered":"<p>Agente de ader\u00eancia resistente \u00e0 \u00e1gua para produ\u00e7\u00e3o de argamassas. SikaLatex\u00ae \u00e9 uma emuls\u00e3o de borracha sint\u00e9tica usada como aditivo para pontes de uni\u00e3o ciment\u00edcia e produ\u00e7\u00e3o de argamassas de elevada qualidade. As principais vantagens do SikaLatex\u00ae s\u00e3o: Maior e melhor ader\u00eancia Controle de fissura\u00e7\u00e3o Maior resist\u00eancia \u00e0 abras\u00e3o Permeabilidade [&hellip;]<\/p>\n","protected":false},"featured_media":5992,"comment_status":"closed","ping_status":"closed","template":"","meta":[],"product_cat":[82],"product_tag":[83,88],"class_list":["post-5991","product","type-product","status-publish","has-post-thumbnail","hentry","product_cat-sika","product_tag-sika","product_tag-sikalatex"],"_links":{"self":[{"href":"https:\/\/appefilhos.pt\/wp-json\/wp\/v2\/product\/5991","targetHints":{"allow":["GET"]}}],"collection":[{"href":"https:\/\/appefilhos.pt\/wp-json\/wp\/v2\/product"}],"about":[{"href":"https:\/\/appefilhos.pt\/wp-json\/wp\/v2\/types\/product"}],"replies":[{"embeddable":true,"href":"https:\/\/appefilhos.pt\/wp-json\/wp\/v2\/comments?post=5991"}],"wp:featuredmedia":[{"embeddable":true,"href":"https:\/\/appefilhos.pt\/wp-json\/wp\/v2\/media\/5992"}],"wp:attachment":[{"href":"https:\/\/appefilhos.pt\/wp-json\/wp\/v2\/media?parent=5991"}],"wp:term":[{"taxonomy":"product_cat","embeddable":true,"href":"https:\/\/appefilhos.pt\/wp-json\/wp\/v2\/product_cat?post=5991"},{"taxonomy":"product_tag","embeddable":true,"href":"https:\/\/appefilhos.pt\/wp-json\/wp\/v2\/product_tag?post=5991"}],"curies":[{"name":"wp","href":"https:\/\/api.w.org\/{rel}","templated":true}]}}