{"id":5993,"date":"2022-06-27T14:19:06","date_gmt":"2022-06-27T14:19:06","guid":{"rendered":"https:\/\/appefilhos.pt\/?post_type=product&#038;p=5993"},"modified":"2022-12-05T17:44:59","modified_gmt":"2022-12-05T17:44:59","slug":"sikalastic-1k","status":"publish","type":"product","link":"https:\/\/appefilhos.pt\/produto\/sikalastic-1k\/","title":{"rendered":"Sikalastic &#8211; 1k"},"content":{"rendered":"<div class=\"cmp-product__description--short\">\n<div class=\"cmp-product__description--short\">\n<div class=\"cmp-product__description cmp-font--light\">\n<div class=\"cmp-text\">\n<div class=\"cmp-product__description--short\">Argamassa de impermeabiliza\u00e7\u00e3o cimenticia monocomponente, refor\u00e7ada com fibras para impermeabiliza\u00e7\u00e3o flex\u00edvel e prote\u00e7\u00e3o de bet\u00e3o.<\/div>\n<p class=\"cmp-text__paragraph cmp-line-clamp cmp-line-clamp--3\" data-lines=\"3\" data-read-more=\"Ler mais +\" data-read-less=\"Ler menos -\">Sikalastic\u00ae-1K \u00e9 uma argamassa monocomponente, refor\u00e7ada com fibras e com capacidade de ponte de fissuras, \u00e0 base de cimento modificado com pol\u00edmeros especiais resistentes a alcalis. Sikalastic\u00ae-1K \u00e9 adequado para aplica\u00e7\u00e3o com trincha, rolo, esp\u00e1tula, talocha ou proje\u00e7\u00e3o.<\/p>\n<\/div>\n<\/div>\n<div class=\"cmp-product__attributes\">\n<ul>\n<li>Produto monocomponente, sendo necess\u00e1rio apenas adicionar \u00e1gua.<\/li>\n<li>Consist\u00eancia ajust\u00e1vel, f\u00e1cil de aplicar com trincha, rolo ou talocha \/ esp\u00e1tula<\/li>\n<li>Boa resist\u00eancia ao escorrimento e f\u00e1cil de aplicar, mesmo em superf\u00edcies verticais<\/li>\n<\/ul>\n<\/div>\n<\/div>\n<\/div>\n","protected":false},"excerpt":{"rendered":"<p>Argamassa de impermeabiliza\u00e7\u00e3o cimenticia monocomponente, refor\u00e7ada com fibras para impermeabiliza\u00e7\u00e3o flex\u00edvel e prote\u00e7\u00e3o de bet\u00e3o. Sikalastic\u00ae-1K \u00e9 uma argamassa monocomponente, refor\u00e7ada com fibras e com capacidade de ponte de fissuras, \u00e0 base de cimento modificado com pol\u00edmeros especiais resistentes a alcalis. Sikalastic\u00ae-1K \u00e9 adequado para aplica\u00e7\u00e3o com trincha, rolo, esp\u00e1tula, [&hellip;]<\/p>\n","protected":false},"featured_media":5994,"comment_status":"closed","ping_status":"closed","template":"","meta":[],"product_cat":[82],"product_tag":[83,89],"class_list":["post-5993","product","type-product","status-publish","has-post-thumbnail","hentry","product_cat-sika","product_tag-sika","product_tag-sikalastic"],"_links":{"self":[{"href":"https:\/\/appefilhos.pt\/wp-json\/wp\/v2\/product\/5993","targetHints":{"allow":["GET"]}}],"collection":[{"href":"https:\/\/appefilhos.pt\/wp-json\/wp\/v2\/product"}],"about":[{"href":"https:\/\/appefilhos.pt\/wp-json\/wp\/v2\/types\/product"}],"replies":[{"embeddable":true,"href":"https:\/\/appefilhos.pt\/wp-json\/wp\/v2\/comments?post=5993"}],"wp:featuredmedia":[{"embeddable":true,"href":"https:\/\/appefilhos.pt\/wp-json\/wp\/v2\/media\/5994"}],"wp:attachment":[{"href":"https:\/\/appefilhos.pt\/wp-json\/wp\/v2\/media?parent=5993"}],"wp:term":[{"taxonomy":"product_cat","embeddable":true,"href":"https:\/\/appefilhos.pt\/wp-json\/wp\/v2\/product_cat?post=5993"},{"taxonomy":"product_tag","embeddable":true,"href":"https:\/\/appefilhos.pt\/wp-json\/wp\/v2\/product_tag?post=5993"}],"curies":[{"name":"wp","href":"https:\/\/api.w.org\/{rel}","templated":true}]}}