{"id":6001,"date":"2022-06-27T14:35:10","date_gmt":"2022-06-27T14:35:10","guid":{"rendered":"https:\/\/appefilhos.pt\/?post_type=product&#038;p=6001"},"modified":"2022-12-05T17:44:35","modified_gmt":"2022-12-05T17:44:35","slug":"webercol-classic","status":"publish","type":"product","link":"https:\/\/appefilhos.pt\/produto\/webercol-classic\/","title":{"rendered":"Webercol Classic"},"content":{"rendered":"<div class=\"cmp-product__description--short\">\n<div class=\"cmp-product__description--short\">\n<div class=\"cmp-product__description cmp-font--light\">\n<div class=\"cmp-text\">\n<div class=\"cmp-product__description--short\">\n<p>Colagem de pe\u00e7as porosas e absorventes de pequeno e m\u00e9dio formato no interior sobre rebocos e betonilhas.<\/p>\n<ul>\n<li>Baixo deslizamento.<\/li>\n<li>Boa ader\u00eancia.<\/li>\n<\/ul>\n<\/div>\n<\/div>\n<\/div>\n<\/div>\n<\/div>\n","protected":false},"excerpt":{"rendered":"<p>Colagem de pe\u00e7as porosas e absorventes de pequeno e m\u00e9dio formato no interior sobre rebocos e betonilhas. Baixo deslizamento. Boa ader\u00eancia.<\/p>\n","protected":false},"featured_media":6002,"comment_status":"closed","ping_status":"closed","template":"","meta":[],"product_cat":[90],"product_tag":[93,91,92],"class_list":["post-6001","product","type-product","status-publish","has-post-thumbnail","hentry","product_cat-weber","product_tag-classic","product_tag-weber","product_tag-webercol"],"_links":{"self":[{"href":"https:\/\/appefilhos.pt\/wp-json\/wp\/v2\/product\/6001","targetHints":{"allow":["GET"]}}],"collection":[{"href":"https:\/\/appefilhos.pt\/wp-json\/wp\/v2\/product"}],"about":[{"href":"https:\/\/appefilhos.pt\/wp-json\/wp\/v2\/types\/product"}],"replies":[{"embeddable":true,"href":"https:\/\/appefilhos.pt\/wp-json\/wp\/v2\/comments?post=6001"}],"wp:featuredmedia":[{"embeddable":true,"href":"https:\/\/appefilhos.pt\/wp-json\/wp\/v2\/media\/6002"}],"wp:attachment":[{"href":"https:\/\/appefilhos.pt\/wp-json\/wp\/v2\/media?parent=6001"}],"wp:term":[{"taxonomy":"product_cat","embeddable":true,"href":"https:\/\/appefilhos.pt\/wp-json\/wp\/v2\/product_cat?post=6001"},{"taxonomy":"product_tag","embeddable":true,"href":"https:\/\/appefilhos.pt\/wp-json\/wp\/v2\/product_tag?post=6001"}],"curies":[{"name":"wp","href":"https:\/\/api.w.org\/{rel}","templated":true}]}}