{"id":6010,"date":"2022-06-27T14:51:17","date_gmt":"2022-06-27T14:51:17","guid":{"rendered":"https:\/\/appefilhos.pt\/?post_type=product&#038;p=6010"},"modified":"2022-12-05T17:44:06","modified_gmt":"2022-12-05T17:44:06","slug":"webercol-aquaplus","status":"publish","type":"product","link":"https:\/\/appefilhos.pt\/produto\/webercol-aquaplus\/","title":{"rendered":"Webercol Aquaplus"},"content":{"rendered":"<div class=\"cmp-product__description--short\">\n<div class=\"cmp-product__description--short\">\n<div class=\"cmp-product__description cmp-font--light\">\n<div class=\"cmp-text\">\n<div class=\"cmp-product__description--short\">\n<p>Colagem e betuma\u00e7\u00e3o em piscinas.<\/p>\n<ul>\n<li>Colagem e betuma\u00e7ao com um s\u00f3 produto.<\/li>\n<li>Excelente trabalhabilidade.<\/li>\n<li>Elevada ader\u00eancia e resist\u00eancia.<\/li>\n<\/ul>\n<\/div>\n<\/div>\n<\/div>\n<\/div>\n<\/div>\n","protected":false},"excerpt":{"rendered":"<p>Colagem e betuma\u00e7\u00e3o em piscinas. Colagem e betuma\u00e7ao com um s\u00f3 produto. Excelente trabalhabilidade. Elevada ader\u00eancia e resist\u00eancia.<\/p>\n","protected":false},"featured_media":6011,"comment_status":"closed","ping_status":"closed","template":"","meta":[],"product_cat":[90],"product_tag":[96,91,92],"class_list":["post-6010","product","type-product","status-publish","has-post-thumbnail","hentry","product_cat-weber","product_tag-aquaplus","product_tag-weber","product_tag-webercol"],"_links":{"self":[{"href":"https:\/\/appefilhos.pt\/wp-json\/wp\/v2\/product\/6010","targetHints":{"allow":["GET"]}}],"collection":[{"href":"https:\/\/appefilhos.pt\/wp-json\/wp\/v2\/product"}],"about":[{"href":"https:\/\/appefilhos.pt\/wp-json\/wp\/v2\/types\/product"}],"replies":[{"embeddable":true,"href":"https:\/\/appefilhos.pt\/wp-json\/wp\/v2\/comments?post=6010"}],"wp:featuredmedia":[{"embeddable":true,"href":"https:\/\/appefilhos.pt\/wp-json\/wp\/v2\/media\/6011"}],"wp:attachment":[{"href":"https:\/\/appefilhos.pt\/wp-json\/wp\/v2\/media?parent=6010"}],"wp:term":[{"taxonomy":"product_cat","embeddable":true,"href":"https:\/\/appefilhos.pt\/wp-json\/wp\/v2\/product_cat?post=6010"},{"taxonomy":"product_tag","embeddable":true,"href":"https:\/\/appefilhos.pt\/wp-json\/wp\/v2\/product_tag?post=6010"}],"curies":[{"name":"wp","href":"https:\/\/api.w.org\/{rel}","templated":true}]}}