{"id":6025,"date":"2022-06-27T15:03:43","date_gmt":"2022-06-27T15:03:43","guid":{"rendered":"https:\/\/appefilhos.pt\/?post_type=product&#038;p=6025"},"modified":"2022-12-05T17:42:58","modified_gmt":"2022-12-05T17:42:58","slug":"weberplast-decor","status":"publish","type":"product","link":"https:\/\/appefilhos.pt\/produto\/weberplast-decor\/","title":{"rendered":"Weberplast Decor"},"content":{"rendered":"<div class=\"cmp-product__description--short\">\n<div class=\"cmp-product__description--short\">\n<div class=\"cmp-product__description cmp-font--light\">\n<div class=\"cmp-text\">\n<div class=\"cmp-product__description--short\">\n<p>Revestimento org\u00e2nico colorido de capa fina &#8211; Textura fina (F) ou Textura m\u00e9dia (M).<\/p>\n<ul>\n<li>Acabamento texturado.<\/li>\n<li>Grande resist\u00eancia superficial.<\/li>\n<li>Flexibilidade.<\/li>\n<\/ul>\n<\/div>\n<\/div>\n<\/div>\n<\/div>\n<\/div>\n","protected":false},"excerpt":{"rendered":"<p>Revestimento org\u00e2nico colorido de capa fina &#8211; Textura fina (F) ou Textura m\u00e9dia (M). Acabamento texturado. Grande resist\u00eancia superficial. Flexibilidade.<\/p>\n","protected":false},"featured_media":6026,"comment_status":"closed","ping_status":"closed","template":"","meta":[],"product_cat":[90],"product_tag":[104,91,103],"class_list":["post-6025","product","type-product","status-publish","has-post-thumbnail","hentry","product_cat-weber","product_tag-decor","product_tag-weber","product_tag-weberplast"],"_links":{"self":[{"href":"https:\/\/appefilhos.pt\/wp-json\/wp\/v2\/product\/6025","targetHints":{"allow":["GET"]}}],"collection":[{"href":"https:\/\/appefilhos.pt\/wp-json\/wp\/v2\/product"}],"about":[{"href":"https:\/\/appefilhos.pt\/wp-json\/wp\/v2\/types\/product"}],"replies":[{"embeddable":true,"href":"https:\/\/appefilhos.pt\/wp-json\/wp\/v2\/comments?post=6025"}],"wp:featuredmedia":[{"embeddable":true,"href":"https:\/\/appefilhos.pt\/wp-json\/wp\/v2\/media\/6026"}],"wp:attachment":[{"href":"https:\/\/appefilhos.pt\/wp-json\/wp\/v2\/media?parent=6025"}],"wp:term":[{"taxonomy":"product_cat","embeddable":true,"href":"https:\/\/appefilhos.pt\/wp-json\/wp\/v2\/product_cat?post=6025"},{"taxonomy":"product_tag","embeddable":true,"href":"https:\/\/appefilhos.pt\/wp-json\/wp\/v2\/product_tag?post=6025"}],"curies":[{"name":"wp","href":"https:\/\/api.w.org\/{rel}","templated":true}]}}