{"id":6029,"date":"2022-06-27T15:09:19","date_gmt":"2022-06-27T15:09:19","guid":{"rendered":"https:\/\/appefilhos.pt\/?post_type=product&#038;p=6029"},"modified":"2022-12-05T17:42:28","modified_gmt":"2022-12-05T17:42:28","slug":"weberdry-kf","status":"publish","type":"product","link":"https:\/\/appefilhos.pt\/produto\/weberdry-kf\/","title":{"rendered":"Weberdry KF"},"content":{"rendered":"<div class=\"cmp-product__description--short\">\n<div class=\"cmp-product__description--short\">\n<div class=\"cmp-product__description cmp-font--light\">\n<div class=\"cmp-text\">\n<div class=\"cmp-product__description--short\">\n<p>Argamassa impermeabiliza\u00e7\u00e3o em camada fina.<\/p>\n<ul>\n<li>Aplicado \u00e0 trincha.<\/li>\n<li>Mant\u00e9m a potabilidade da \u00e1gua.<\/li>\n<li>Resiste \u00e0 press\u00e3o positiva e negativa.<\/li>\n<\/ul>\n<\/div>\n<\/div>\n<\/div>\n<\/div>\n<\/div>\n","protected":false},"excerpt":{"rendered":"<p>Argamassa impermeabiliza\u00e7\u00e3o em camada fina. Aplicado \u00e0 trincha. Mant\u00e9m a potabilidade da \u00e1gua. Resiste \u00e0 press\u00e3o positiva e negativa.<\/p>\n","protected":false},"featured_media":6030,"comment_status":"closed","ping_status":"closed","template":"","meta":[],"product_cat":[90],"product_tag":[108,91,107],"class_list":["post-6029","product","type-product","status-publish","has-post-thumbnail","hentry","product_cat-weber","product_tag-kf","product_tag-weber","product_tag-weberdry"],"_links":{"self":[{"href":"https:\/\/appefilhos.pt\/wp-json\/wp\/v2\/product\/6029","targetHints":{"allow":["GET"]}}],"collection":[{"href":"https:\/\/appefilhos.pt\/wp-json\/wp\/v2\/product"}],"about":[{"href":"https:\/\/appefilhos.pt\/wp-json\/wp\/v2\/types\/product"}],"replies":[{"embeddable":true,"href":"https:\/\/appefilhos.pt\/wp-json\/wp\/v2\/comments?post=6029"}],"wp:featuredmedia":[{"embeddable":true,"href":"https:\/\/appefilhos.pt\/wp-json\/wp\/v2\/media\/6030"}],"wp:attachment":[{"href":"https:\/\/appefilhos.pt\/wp-json\/wp\/v2\/media?parent=6029"}],"wp:term":[{"taxonomy":"product_cat","embeddable":true,"href":"https:\/\/appefilhos.pt\/wp-json\/wp\/v2\/product_cat?post=6029"},{"taxonomy":"product_tag","embeddable":true,"href":"https:\/\/appefilhos.pt\/wp-json\/wp\/v2\/product_tag?post=6029"}],"curies":[{"name":"wp","href":"https:\/\/api.w.org\/{rel}","templated":true}]}}