{"id":6034,"date":"2022-06-27T15:11:40","date_gmt":"2022-06-27T15:11:40","guid":{"rendered":"https:\/\/appefilhos.pt\/?post_type=product&#038;p=6034"},"modified":"2022-12-05T17:42:09","modified_gmt":"2022-12-05T17:42:09","slug":"webertec-rapid","status":"publish","type":"product","link":"https:\/\/appefilhos.pt\/produto\/webertec-rapid\/","title":{"rendered":"Webertec Rapid"},"content":{"rendered":"<div class=\"cmp-product__description--short\">\n<div class=\"cmp-product__description--short\">\n<div class=\"cmp-product__description cmp-font--light\">\n<div class=\"cmp-text\">\n<div class=\"cmp-product__description--short\">\n<p>Argamassa para fixa\u00e7\u00f5es e repara\u00e7\u00f5es r\u00e1pidas.<\/p>\n<ul>\n<li>F\u00e1cil de aplicar.<\/li>\n<li>Presa r\u00e1pida.<\/li>\n<li>Resist\u00eancias mec\u00e2nicas imediatas.<\/li>\n<\/ul>\n<\/div>\n<\/div>\n<\/div>\n<\/div>\n<\/div>\n","protected":false},"excerpt":{"rendered":"<p>Argamassa para fixa\u00e7\u00f5es e repara\u00e7\u00f5es r\u00e1pidas. F\u00e1cil de aplicar. Presa r\u00e1pida. Resist\u00eancias mec\u00e2nicas imediatas.<\/p>\n","protected":false},"featured_media":6035,"comment_status":"closed","ping_status":"closed","template":"","meta":[],"product_cat":[90],"product_tag":[110,91,107],"class_list":["post-6034","product","type-product","status-publish","has-post-thumbnail","hentry","product_cat-weber","product_tag-rapid","product_tag-weber","product_tag-weberdry"],"_links":{"self":[{"href":"https:\/\/appefilhos.pt\/wp-json\/wp\/v2\/product\/6034","targetHints":{"allow":["GET"]}}],"collection":[{"href":"https:\/\/appefilhos.pt\/wp-json\/wp\/v2\/product"}],"about":[{"href":"https:\/\/appefilhos.pt\/wp-json\/wp\/v2\/types\/product"}],"replies":[{"embeddable":true,"href":"https:\/\/appefilhos.pt\/wp-json\/wp\/v2\/comments?post=6034"}],"wp:featuredmedia":[{"embeddable":true,"href":"https:\/\/appefilhos.pt\/wp-json\/wp\/v2\/media\/6035"}],"wp:attachment":[{"href":"https:\/\/appefilhos.pt\/wp-json\/wp\/v2\/media?parent=6034"}],"wp:term":[{"taxonomy":"product_cat","embeddable":true,"href":"https:\/\/appefilhos.pt\/wp-json\/wp\/v2\/product_cat?post=6034"},{"taxonomy":"product_tag","embeddable":true,"href":"https:\/\/appefilhos.pt\/wp-json\/wp\/v2\/product_tag?post=6034"}],"curies":[{"name":"wp","href":"https:\/\/api.w.org\/{rel}","templated":true}]}}