{"id":6036,"date":"2022-06-27T15:13:17","date_gmt":"2022-06-27T15:13:17","guid":{"rendered":"https:\/\/appefilhos.pt\/?post_type=product&#038;p=6036"},"modified":"2022-12-05T17:41:59","modified_gmt":"2022-12-05T17:41:59","slug":"webertec-refract","status":"publish","type":"product","link":"https:\/\/appefilhos.pt\/produto\/webertec-refract\/","title":{"rendered":"Webertec Refract"},"content":{"rendered":"<div class=\"cmp-product__description--short\">\n<div class=\"cmp-product__description--short\">\n<div class=\"cmp-product__description cmp-font--light\">\n<div class=\"cmp-text\">\n<div class=\"cmp-product__description--short\">\n<p>Argamassa refrat\u00e1ria para montagem de alvenarias.<\/p>\n<ul>\n<li>Elevada resist\u00eancia t\u00e9rmica.<\/li>\n<li>Resist\u00eancia mec\u00e2nica.<\/li>\n<li>Endurecimento r\u00e1pido.<\/li>\n<\/ul>\n<\/div>\n<\/div>\n<\/div>\n<\/div>\n<\/div>\n","protected":false},"excerpt":{"rendered":"<p>Argamassa refrat\u00e1ria para montagem de alvenarias. Elevada resist\u00eancia t\u00e9rmica. Resist\u00eancia mec\u00e2nica. Endurecimento r\u00e1pido.<\/p>\n","protected":false},"featured_media":6037,"comment_status":"closed","ping_status":"closed","template":"","meta":[],"product_cat":[90],"product_tag":[112,91,111],"class_list":["post-6036","product","type-product","status-publish","has-post-thumbnail","hentry","product_cat-weber","product_tag-refract","product_tag-weber","product_tag-webertec"],"_links":{"self":[{"href":"https:\/\/appefilhos.pt\/wp-json\/wp\/v2\/product\/6036","targetHints":{"allow":["GET"]}}],"collection":[{"href":"https:\/\/appefilhos.pt\/wp-json\/wp\/v2\/product"}],"about":[{"href":"https:\/\/appefilhos.pt\/wp-json\/wp\/v2\/types\/product"}],"replies":[{"embeddable":true,"href":"https:\/\/appefilhos.pt\/wp-json\/wp\/v2\/comments?post=6036"}],"wp:featuredmedia":[{"embeddable":true,"href":"https:\/\/appefilhos.pt\/wp-json\/wp\/v2\/media\/6037"}],"wp:attachment":[{"href":"https:\/\/appefilhos.pt\/wp-json\/wp\/v2\/media?parent=6036"}],"wp:term":[{"taxonomy":"product_cat","embeddable":true,"href":"https:\/\/appefilhos.pt\/wp-json\/wp\/v2\/product_cat?post=6036"},{"taxonomy":"product_tag","embeddable":true,"href":"https:\/\/appefilhos.pt\/wp-json\/wp\/v2\/product_tag?post=6036"}],"curies":[{"name":"wp","href":"https:\/\/api.w.org\/{rel}","templated":true}]}}