{"id":6039,"date":"2022-06-27T15:14:26","date_gmt":"2022-06-27T15:14:26","guid":{"rendered":"https:\/\/appefilhos.pt\/?post_type=product&#038;p=6039"},"modified":"2022-12-05T17:41:41","modified_gmt":"2022-12-05T17:41:41","slug":"weberfloor-fluid","status":"publish","type":"product","link":"https:\/\/appefilhos.pt\/produto\/weberfloor-fluid\/","title":{"rendered":"Weberfloor Fluid"},"content":{"rendered":"<div class=\"cmp-product__description--short\">\n<div class=\"cmp-product__description--short\">\n<div class=\"cmp-product__description cmp-font--light\">\n<div class=\"cmp-text\">\n<div class=\"cmp-product__description--short\">\n<p>Autonivelante de regulariza\u00e7\u00e3o de pavimentos.<\/p>\n<ul>\n<li>Refor\u00e7ado com fibras.<\/li>\n<li>R\u00e1pida coloca\u00e7\u00e3o em servi\u00e7o.<\/li>\n<li>Elevada resist\u00eancia mec\u00e2nica em espessuras entre 8 e 50mm.<\/li>\n<\/ul>\n<\/div>\n<\/div>\n<\/div>\n<\/div>\n<\/div>\n","protected":false},"excerpt":{"rendered":"<p>Autonivelante de regulariza\u00e7\u00e3o de pavimentos. Refor\u00e7ado com fibras. R\u00e1pida coloca\u00e7\u00e3o em servi\u00e7o. Elevada resist\u00eancia mec\u00e2nica em espessuras entre 8 e 50mm.<\/p>\n","protected":false},"featured_media":6040,"comment_status":"closed","ping_status":"closed","template":"","meta":[],"product_cat":[90],"product_tag":[114,91,113],"class_list":["post-6039","product","type-product","status-publish","has-post-thumbnail","hentry","product_cat-weber","product_tag-fluid","product_tag-weber","product_tag-weberfloor"],"_links":{"self":[{"href":"https:\/\/appefilhos.pt\/wp-json\/wp\/v2\/product\/6039","targetHints":{"allow":["GET"]}}],"collection":[{"href":"https:\/\/appefilhos.pt\/wp-json\/wp\/v2\/product"}],"about":[{"href":"https:\/\/appefilhos.pt\/wp-json\/wp\/v2\/types\/product"}],"replies":[{"embeddable":true,"href":"https:\/\/appefilhos.pt\/wp-json\/wp\/v2\/comments?post=6039"}],"wp:featuredmedia":[{"embeddable":true,"href":"https:\/\/appefilhos.pt\/wp-json\/wp\/v2\/media\/6040"}],"wp:attachment":[{"href":"https:\/\/appefilhos.pt\/wp-json\/wp\/v2\/media?parent=6039"}],"wp:term":[{"taxonomy":"product_cat","embeddable":true,"href":"https:\/\/appefilhos.pt\/wp-json\/wp\/v2\/product_cat?post=6039"},{"taxonomy":"product_tag","embeddable":true,"href":"https:\/\/appefilhos.pt\/wp-json\/wp\/v2\/product_tag?post=6039"}],"curies":[{"name":"wp","href":"https:\/\/api.w.org\/{rel}","templated":true}]}}