{"id":6044,"date":"2022-06-27T15:25:21","date_gmt":"2022-06-27T15:25:21","guid":{"rendered":"https:\/\/appefilhos.pt\/?post_type=product&#038;p=6044"},"modified":"2022-12-05T17:41:33","modified_gmt":"2022-12-05T17:41:33","slug":"adhere-flex-tt","status":"publish","type":"product","link":"https:\/\/appefilhos.pt\/produto\/adhere-flex-tt\/","title":{"rendered":"ADHERE FLEX TT"},"content":{"rendered":"<div class=\"cmp-product__description--short\">\n<div class=\"cmp-product__description--short\">\n<div class=\"cmp-product__description cmp-font--light\">\n<div class=\"cmp-text\">\n<div class=\"cmp-product__description--short\">\n<p>Cimento cola TODO-O-TERRENO, capaz de colar uma grande variedade de formatos nos suportes correntes, em exterior. Tamb\u00e9m adequado para colar cer\u00e2micos sobre cer\u00e2micos no interior.<\/p>\n<ul>\n<li>ELEVADA FLEXIBILIDADE E ADER\u00caNCIA<\/li>\n<li>TEMPO ABERTO ALONGADO<\/li>\n<li>DESLIZAMENTO VERTICAL REDUZIDO<\/li>\n<li>CER\u00c2MICO SOBRE CER\u00c2MICO EM INTERIORES<\/li>\n<\/ul>\n<\/div>\n<\/div>\n<\/div>\n<\/div>\n<\/div>\n","protected":false},"excerpt":{"rendered":"<p>Cimento cola TODO-O-TERRENO, capaz de colar uma grande variedade de formatos nos suportes correntes, em exterior. Tamb\u00e9m adequado para colar cer\u00e2micos sobre cer\u00e2micos no interior. ELEVADA FLEXIBILIDADE E ADER\u00caNCIA TEMPO ABERTO ALONGADO DESLIZAMENTO VERTICAL REDUZIDO CER\u00c2MICO SOBRE CER\u00c2MICO EM INTERIORES<\/p>\n","protected":false},"featured_media":6061,"comment_status":"closed","ping_status":"closed","template":"","meta":[],"product_cat":[115],"product_tag":[117,116],"class_list":["post-6044","product","type-product","status-publish","has-post-thumbnail","hentry","product_cat-seciltek","product_tag-adhere-flex-tt","product_tag-seciltek"],"_links":{"self":[{"href":"https:\/\/appefilhos.pt\/wp-json\/wp\/v2\/product\/6044","targetHints":{"allow":["GET"]}}],"collection":[{"href":"https:\/\/appefilhos.pt\/wp-json\/wp\/v2\/product"}],"about":[{"href":"https:\/\/appefilhos.pt\/wp-json\/wp\/v2\/types\/product"}],"replies":[{"embeddable":true,"href":"https:\/\/appefilhos.pt\/wp-json\/wp\/v2\/comments?post=6044"}],"wp:featuredmedia":[{"embeddable":true,"href":"https:\/\/appefilhos.pt\/wp-json\/wp\/v2\/media\/6061"}],"wp:attachment":[{"href":"https:\/\/appefilhos.pt\/wp-json\/wp\/v2\/media?parent=6044"}],"wp:term":[{"taxonomy":"product_cat","embeddable":true,"href":"https:\/\/appefilhos.pt\/wp-json\/wp\/v2\/product_cat?post=6044"},{"taxonomy":"product_tag","embeddable":true,"href":"https:\/\/appefilhos.pt\/wp-json\/wp\/v2\/product_tag?post=6044"}],"curies":[{"name":"wp","href":"https:\/\/api.w.org\/{rel}","templated":true}]}}