{"id":6048,"date":"2022-06-27T15:30:26","date_gmt":"2022-06-27T15:30:26","guid":{"rendered":"https:\/\/appefilhos.pt\/?post_type=product&#038;p=6048"},"modified":"2022-12-05T17:40:48","modified_gmt":"2022-12-05T17:40:48","slug":"hidrostop","status":"publish","type":"product","link":"https:\/\/appefilhos.pt\/produto\/hidrostop\/","title":{"rendered":"HIDROSTOP"},"content":{"rendered":"<p style=\"text-align: left;\">Argamassa flex\u00edvel e monocomponente, de base ciment\u00edcia, para a impermeabiliza\u00e7\u00e3o de piscinas, tanques, terra\u00e7os, varandas, paredes enterradas pelo exterior, zonas h\u00famidas e fendas no exterior de edif\u00edcios.<\/p>\n<ul>\n<li style=\"text-align: left;\">FLEX\u00cdVEL<\/li>\n<li style=\"text-align: left;\">COBRE FENDAS AT\u00c9 0,75 MM<\/li>\n<li style=\"text-align: left;\">ELEVADA ADER\u00caNCIA AO SUPORTE<\/li>\n<li style=\"text-align: left;\">PRODUTO MONOCOMPONENTE PRONTO A USAR: BASTA JUNTAR \u00c1GUA<\/li>\n<li style=\"text-align: left;\">F\u00c1CIL APLICA\u00c7\u00c3O: A ROLO, TRINCHA OU TALOCHA<\/li>\n<\/ul>\n","protected":false},"excerpt":{"rendered":"<p>Argamassa flex\u00edvel e monocomponente, de base ciment\u00edcia, para a impermeabiliza\u00e7\u00e3o de piscinas, tanques, terra\u00e7os, varandas, paredes enterradas pelo exterior, zonas h\u00famidas e fendas no exterior de edif\u00edcios. FLEX\u00cdVEL COBRE FENDAS AT\u00c9 0,75 MM ELEVADA ADER\u00caNCIA AO SUPORTE PRODUTO MONOCOMPONENTE PRONTO A USAR: BASTA JUNTAR \u00c1GUA F\u00c1CIL APLICA\u00c7\u00c3O: A ROLO, TRINCHA [&hellip;]<\/p>\n","protected":false},"featured_media":6064,"comment_status":"closed","ping_status":"closed","template":"","meta":[],"product_cat":[115],"product_tag":[119,116],"class_list":["post-6048","product","type-product","status-publish","has-post-thumbnail","hentry","product_cat-seciltek","product_tag-hidrostop","product_tag-seciltek"],"_links":{"self":[{"href":"https:\/\/appefilhos.pt\/wp-json\/wp\/v2\/product\/6048","targetHints":{"allow":["GET"]}}],"collection":[{"href":"https:\/\/appefilhos.pt\/wp-json\/wp\/v2\/product"}],"about":[{"href":"https:\/\/appefilhos.pt\/wp-json\/wp\/v2\/types\/product"}],"replies":[{"embeddable":true,"href":"https:\/\/appefilhos.pt\/wp-json\/wp\/v2\/comments?post=6048"}],"wp:featuredmedia":[{"embeddable":true,"href":"https:\/\/appefilhos.pt\/wp-json\/wp\/v2\/media\/6064"}],"wp:attachment":[{"href":"https:\/\/appefilhos.pt\/wp-json\/wp\/v2\/media?parent=6048"}],"wp:term":[{"taxonomy":"product_cat","embeddable":true,"href":"https:\/\/appefilhos.pt\/wp-json\/wp\/v2\/product_cat?post=6048"},{"taxonomy":"product_tag","embeddable":true,"href":"https:\/\/appefilhos.pt\/wp-json\/wp\/v2\/product_tag?post=6048"}],"curies":[{"name":"wp","href":"https:\/\/api.w.org\/{rel}","templated":true}]}}