{"id":6056,"date":"2022-06-27T15:39:09","date_gmt":"2022-06-27T15:39:09","guid":{"rendered":"https:\/\/appefilhos.pt\/?post_type=product&#038;p=6056"},"modified":"2022-12-05T17:40:11","modified_gmt":"2022-12-05T17:40:11","slug":"redur-manual-irp-manual","status":"publish","type":"product","link":"https:\/\/appefilhos.pt\/produto\/redur-manual-irp-manual\/","title":{"rendered":"REDUR MANUAL \/ IRP MANUAL"},"content":{"rendered":"<p style=\"text-align: left;\">Argamassa seca de aplica\u00e7\u00e3o manual, destinada \u00e0 execu\u00e7\u00e3o de rebocos de acabamento areado em paredes e tetos, no exterior e no interior, com granulometria fina, permitindo receber pintura ou estanhados.<\/p>\n<ul>\n<li style=\"text-align: left;\">PERMITE ACABAMENTOS AREADOS<\/li>\n<li style=\"text-align: left;\">APLICAC\u0327A\u0303O MANUAL<\/li>\n<li style=\"text-align: left;\">MATE\u0301RIAS-PRIMAS SELECIONADAS<\/li>\n<\/ul>\n","protected":false},"excerpt":{"rendered":"<p>Argamassa seca de aplica\u00e7\u00e3o manual, destinada \u00e0 execu\u00e7\u00e3o de rebocos de acabamento areado em paredes e tetos, no exterior e no interior, com granulometria fina, permitindo receber pintura ou estanhados. PERMITE ACABAMENTOS AREADOS APLICAC\u0327A\u0303O MANUAL MATE\u0301RIAS-PRIMAS SELECIONADAS<\/p>\n","protected":false},"featured_media":6069,"comment_status":"closed","ping_status":"closed","template":"","meta":[],"product_cat":[115],"product_tag":[124,123,116],"class_list":["post-6056","product","type-product","status-publish","has-post-thumbnail","hentry","product_cat-seciltek","product_tag-irp-manual","product_tag-redur-manual","product_tag-seciltek"],"_links":{"self":[{"href":"https:\/\/appefilhos.pt\/wp-json\/wp\/v2\/product\/6056","targetHints":{"allow":["GET"]}}],"collection":[{"href":"https:\/\/appefilhos.pt\/wp-json\/wp\/v2\/product"}],"about":[{"href":"https:\/\/appefilhos.pt\/wp-json\/wp\/v2\/types\/product"}],"replies":[{"embeddable":true,"href":"https:\/\/appefilhos.pt\/wp-json\/wp\/v2\/comments?post=6056"}],"wp:featuredmedia":[{"embeddable":true,"href":"https:\/\/appefilhos.pt\/wp-json\/wp\/v2\/media\/6069"}],"wp:attachment":[{"href":"https:\/\/appefilhos.pt\/wp-json\/wp\/v2\/media?parent=6056"}],"wp:term":[{"taxonomy":"product_cat","embeddable":true,"href":"https:\/\/appefilhos.pt\/wp-json\/wp\/v2\/product_cat?post=6056"},{"taxonomy":"product_tag","embeddable":true,"href":"https:\/\/appefilhos.pt\/wp-json\/wp\/v2\/product_tag?post=6056"}],"curies":[{"name":"wp","href":"https:\/\/api.w.org\/{rel}","templated":true}]}}