{"id":6221,"date":"2022-07-01T13:34:09","date_gmt":"2022-07-01T13:34:09","guid":{"rendered":"https:\/\/appefilhos.pt\/?post_type=product&#038;p=6221"},"modified":"2022-12-05T17:38:52","modified_gmt":"2022-12-05T17:38:52","slug":"robbiplast-ng","status":"publish","type":"product","link":"https:\/\/appefilhos.pt\/produto\/robbiplast-ng\/","title":{"rendered":"Robbiplast NG"},"content":{"rendered":"<p style=\"text-align: left;\">Tinta aquosa mate 2 em 1 que funciona como prim\u00e1rio e acabamento em superf\u00edcies em bom estado. A sua formula\u00e7\u00e3o \u00e9 baseada numa dispers\u00e3o aquosa estireno acr\u00edlica, destinada \u00e0 pintura de paredes interiores e tetos.<\/p>\n<p style=\"text-align: left;\"><strong>FORMATOS:<\/strong> 5L;15L<br \/>\n<strong>UTILIZA\u00c7\u00c3O RECOMENDADA:<\/strong> Fachadas<br \/>\n<strong>GRAU DE BRILHO:<\/strong> Mate<br \/>\n<strong>ACABAMENTO:<\/strong> Liso<br \/>\n<strong>SECAGEM:<\/strong> Ao tacto: 1 a 2 horas Repintura: 2 a 3 horas<br \/>\n<strong>RENDIMENTO:<\/strong> 12 &#8211; 14<\/p>\n","protected":false},"excerpt":{"rendered":"<p>Tinta aquosa mate 2 em 1 que funciona como prim\u00e1rio e acabamento em superf\u00edcies em bom estado. A sua formula\u00e7\u00e3o \u00e9 baseada numa dispers\u00e3o aquosa estireno acr\u00edlica, destinada \u00e0 pintura de paredes interiores e tetos. FORMATOS: 5L;15L UTILIZA\u00c7\u00c3O RECOMENDADA: Fachadas GRAU DE BRILHO: Mate ACABAMENTO: Liso SECAGEM: Ao tacto: 1 [&hellip;]<\/p>\n","protected":false},"featured_media":6222,"comment_status":"closed","ping_status":"closed","template":"","meta":[],"product_cat":[125],"product_tag":[126,128],"class_list":["post-6221","product","type-product","status-publish","has-post-thumbnail","hentry","product_cat-robbialac","product_tag-robbialac","product_tag-robbiplast-ng"],"_links":{"self":[{"href":"https:\/\/appefilhos.pt\/wp-json\/wp\/v2\/product\/6221","targetHints":{"allow":["GET"]}}],"collection":[{"href":"https:\/\/appefilhos.pt\/wp-json\/wp\/v2\/product"}],"about":[{"href":"https:\/\/appefilhos.pt\/wp-json\/wp\/v2\/types\/product"}],"replies":[{"embeddable":true,"href":"https:\/\/appefilhos.pt\/wp-json\/wp\/v2\/comments?post=6221"}],"wp:featuredmedia":[{"embeddable":true,"href":"https:\/\/appefilhos.pt\/wp-json\/wp\/v2\/media\/6222"}],"wp:attachment":[{"href":"https:\/\/appefilhos.pt\/wp-json\/wp\/v2\/media?parent=6221"}],"wp:term":[{"taxonomy":"product_cat","embeddable":true,"href":"https:\/\/appefilhos.pt\/wp-json\/wp\/v2\/product_cat?post=6221"},{"taxonomy":"product_tag","embeddable":true,"href":"https:\/\/appefilhos.pt\/wp-json\/wp\/v2\/product_tag?post=6221"}],"curies":[{"name":"wp","href":"https:\/\/api.w.org\/{rel}","templated":true}]}}