{"id":6224,"date":"2022-07-01T13:37:19","date_gmt":"2022-07-01T13:37:19","guid":{"rendered":"https:\/\/appefilhos.pt\/?post_type=product&#038;p=6224"},"modified":"2022-12-05T17:38:34","modified_gmt":"2022-12-05T17:38:34","slug":"hammerite","status":"publish","type":"product","link":"https:\/\/appefilhos.pt\/produto\/hammerite\/","title":{"rendered":"Hammerite"},"content":{"rendered":"<p style=\"text-align: left;\">O esmalte Hammerite \u00e9 especialmente formulado com resinas de alta qualidade garantindo uma secagem r\u00e1pida.<\/p>\n<ul>\n<li style=\"text-align: left;\">Produto 3 em 1: Prim\u00e1rio, subcapa e acabamento<\/li>\n<li style=\"text-align: left;\">Secagem r\u00e1pida<\/li>\n<li style=\"text-align: left;\">Boa ades\u00e3o ao a\u00e7o novo ou oxidado<\/li>\n<li style=\"text-align: left;\">Evita o alastramento da corros\u00e3o e a penetra\u00e7\u00e3o da humidade<\/li>\n<\/ul>\n","protected":false},"excerpt":{"rendered":"<p>O esmalte Hammerite \u00e9 especialmente formulado com resinas de alta qualidade garantindo uma secagem r\u00e1pida. Produto 3 em 1: Prim\u00e1rio, subcapa e acabamento Secagem r\u00e1pida Boa ades\u00e3o ao a\u00e7o novo ou oxidado Evita o alastramento da corros\u00e3o e a penetra\u00e7\u00e3o da humidade<\/p>\n","protected":false},"featured_media":6225,"comment_status":"closed","ping_status":"closed","template":"","meta":[],"product_cat":[125],"product_tag":[129,126],"class_list":["post-6224","product","type-product","status-publish","has-post-thumbnail","hentry","product_cat-robbialac","product_tag-hammerite","product_tag-robbialac"],"_links":{"self":[{"href":"https:\/\/appefilhos.pt\/wp-json\/wp\/v2\/product\/6224","targetHints":{"allow":["GET"]}}],"collection":[{"href":"https:\/\/appefilhos.pt\/wp-json\/wp\/v2\/product"}],"about":[{"href":"https:\/\/appefilhos.pt\/wp-json\/wp\/v2\/types\/product"}],"replies":[{"embeddable":true,"href":"https:\/\/appefilhos.pt\/wp-json\/wp\/v2\/comments?post=6224"}],"wp:featuredmedia":[{"embeddable":true,"href":"https:\/\/appefilhos.pt\/wp-json\/wp\/v2\/media\/6225"}],"wp:attachment":[{"href":"https:\/\/appefilhos.pt\/wp-json\/wp\/v2\/media?parent=6224"}],"wp:term":[{"taxonomy":"product_cat","embeddable":true,"href":"https:\/\/appefilhos.pt\/wp-json\/wp\/v2\/product_cat?post=6224"},{"taxonomy":"product_tag","embeddable":true,"href":"https:\/\/appefilhos.pt\/wp-json\/wp\/v2\/product_tag?post=6224"}],"curies":[{"name":"wp","href":"https:\/\/api.w.org\/{rel}","templated":true}]}}