{"id":6227,"date":"2022-07-01T13:47:13","date_gmt":"2022-07-01T13:47:13","guid":{"rendered":"https:\/\/appefilhos.pt\/?post_type=product&#038;p=6227"},"modified":"2022-12-05T17:38:26","modified_gmt":"2022-12-05T17:38:26","slug":"h40-gel-branco","status":"publish","type":"product","link":"https:\/\/appefilhos.pt\/produto\/h40-gel-branco\/","title":{"rendered":"H40 Gel Branco"},"content":{"rendered":"<p style=\"text-align: left;\">Gel\u2011adesivo estrutural flex\u00edvel multiusos tixotr\u00f3pico e fluido \u00e0 base do exclusivo Geoligante Kerakoll para a colagem, mesmo em condi\u00e7\u00f5es extremas, de todos os tipos de materiais, sobre todos os suportes e para qualquer utiliza\u00e7\u00e3o. Eco compat\u00edvel. Com emiss\u00f5es reduzidas de CO2 e emiss\u00f5es muito baixas de subst\u00e2ncias org\u00e2nicas vol\u00e1teis. Recicl\u00e1vel como inerte em fim de vida.<\/p>\n<ul>\n<li style=\"text-align: left;\">M\u00e1xima trabalhabilidade para uma coloca\u00e7\u00e3o perfeita<\/li>\n<li style=\"text-align: left;\">Perfeito para ladrilhos de dimens\u00e3o grande<\/li>\n<li style=\"text-align: left;\">Ideal para os sistemas laminados<\/li>\n<li style=\"text-align: left;\">Garante a efici\u00eancia de sistemas radiantes<\/li>\n<li style=\"text-align: left;\">Molhagem total<\/li>\n<li style=\"text-align: left;\">N\u00e3o abate a espessura<\/li>\n<li style=\"text-align: left;\">Elevada deformabilidade<\/li>\n<li style=\"text-align: left;\">Une estruturalmente<\/li>\n<li style=\"text-align: left;\">Distribui as tens\u00f5es<\/li>\n<li style=\"text-align: left;\">Aumenta a resist\u00eancia<\/li>\n<li style=\"text-align: left;\">Transfere as for\u00e7as<\/li>\n<li style=\"text-align: left;\">Absorve as cargas din\u00e2micas<\/li>\n<\/ul>\n","protected":false},"excerpt":{"rendered":"<p>Gel\u2011adesivo estrutural flex\u00edvel multiusos tixotr\u00f3pico e fluido \u00e0 base do exclusivo Geoligante Kerakoll para a colagem, mesmo em condi\u00e7\u00f5es extremas, de todos os tipos de materiais, sobre todos os suportes e para qualquer utiliza\u00e7\u00e3o. Eco compat\u00edvel. Com emiss\u00f5es reduzidas de CO2 e emiss\u00f5es muito baixas de subst\u00e2ncias org\u00e2nicas vol\u00e1teis. Recicl\u00e1vel [&hellip;]<\/p>\n","protected":false},"featured_media":6232,"comment_status":"closed","ping_status":"closed","template":"","meta":[],"product_cat":[130],"product_tag":[132,131],"class_list":["post-6227","product","type-product","status-publish","has-post-thumbnail","hentry","product_cat-kerakoll","product_tag-h40-gel-branco","product_tag-kerakoll"],"_links":{"self":[{"href":"https:\/\/appefilhos.pt\/wp-json\/wp\/v2\/product\/6227","targetHints":{"allow":["GET"]}}],"collection":[{"href":"https:\/\/appefilhos.pt\/wp-json\/wp\/v2\/product"}],"about":[{"href":"https:\/\/appefilhos.pt\/wp-json\/wp\/v2\/types\/product"}],"replies":[{"embeddable":true,"href":"https:\/\/appefilhos.pt\/wp-json\/wp\/v2\/comments?post=6227"}],"wp:featuredmedia":[{"embeddable":true,"href":"https:\/\/appefilhos.pt\/wp-json\/wp\/v2\/media\/6232"}],"wp:attachment":[{"href":"https:\/\/appefilhos.pt\/wp-json\/wp\/v2\/media?parent=6227"}],"wp:term":[{"taxonomy":"product_cat","embeddable":true,"href":"https:\/\/appefilhos.pt\/wp-json\/wp\/v2\/product_cat?post=6227"},{"taxonomy":"product_tag","embeddable":true,"href":"https:\/\/appefilhos.pt\/wp-json\/wp\/v2\/product_tag?post=6227"}],"curies":[{"name":"wp","href":"https:\/\/api.w.org\/{rel}","templated":true}]}}