{"id":6229,"date":"2022-07-01T13:50:50","date_gmt":"2022-07-01T13:50:50","guid":{"rendered":"https:\/\/appefilhos.pt\/?post_type=product&#038;p=6229"},"modified":"2022-12-05T17:38:18","modified_gmt":"2022-12-05T17:38:18","slug":"h40-gel-cinza","status":"publish","type":"product","link":"https:\/\/appefilhos.pt\/produto\/h40-gel-cinza\/","title":{"rendered":"H40 Gel Cinza"},"content":{"rendered":"<p style=\"text-align: left;\">Cimento cola para colagem de cer\u00e2mica e pedras naturais.<\/p>\n<p style=\"text-align: left;\"><strong>Caracter\u00edsticas cimento cola:<\/strong><\/p>\n<ul>\n<li style=\"text-align: left;\">Cor: Cinza;<\/li>\n<li style=\"text-align: left;\">Embalagem de 25kg;<\/li>\n<li style=\"text-align: left;\">Boa ader\u00eancia e deformabilidade;<\/li>\n<li style=\"text-align: left;\">Ideal para pe\u00e7as de baixa espessura;<\/li>\n<li style=\"text-align: left;\">Resist\u00eancia \u00e0 humidade;<\/li>\n<li style=\"text-align: left;\">Rendimento (R.M. 30%*) \u2248 1,25kg\/m2 por mm de espessura;<\/li>\n<li style=\"text-align: left;\">Conserva\u00e7\u00e3o \u2248 12 meses;<\/li>\n<li style=\"text-align: left;\">Gel\u2011adesivo estrutural flex\u00edvel multiusos \u00e0 base do exclusivo Geoligante Kerakoll para a colagem, mesmo em condi\u00e7\u00f5es extremas;<\/li>\n<\/ul>\n","protected":false},"excerpt":{"rendered":"<p>Cimento cola para colagem de cer\u00e2mica e pedras naturais. Caracter\u00edsticas cimento cola: Cor: Cinza; Embalagem de 25kg; Boa ader\u00eancia e deformabilidade; Ideal para pe\u00e7as de baixa espessura; Resist\u00eancia \u00e0 humidade; Rendimento (R.M. 30%*) \u2248 1,25kg\/m2 por mm de espessura; Conserva\u00e7\u00e3o \u2248 12 meses; Gel\u2011adesivo estrutural flex\u00edvel multiusos \u00e0 base do [&hellip;]<\/p>\n","protected":false},"featured_media":6233,"comment_status":"closed","ping_status":"closed","template":"","meta":[],"product_cat":[130],"product_tag":[133,131],"class_list":["post-6229","product","type-product","status-publish","has-post-thumbnail","hentry","product_cat-kerakoll","product_tag-h40-gel-cinza","product_tag-kerakoll"],"_links":{"self":[{"href":"https:\/\/appefilhos.pt\/wp-json\/wp\/v2\/product\/6229","targetHints":{"allow":["GET"]}}],"collection":[{"href":"https:\/\/appefilhos.pt\/wp-json\/wp\/v2\/product"}],"about":[{"href":"https:\/\/appefilhos.pt\/wp-json\/wp\/v2\/types\/product"}],"replies":[{"embeddable":true,"href":"https:\/\/appefilhos.pt\/wp-json\/wp\/v2\/comments?post=6229"}],"wp:featuredmedia":[{"embeddable":true,"href":"https:\/\/appefilhos.pt\/wp-json\/wp\/v2\/media\/6233"}],"wp:attachment":[{"href":"https:\/\/appefilhos.pt\/wp-json\/wp\/v2\/media?parent=6229"}],"wp:term":[{"taxonomy":"product_cat","embeddable":true,"href":"https:\/\/appefilhos.pt\/wp-json\/wp\/v2\/product_cat?post=6229"},{"taxonomy":"product_tag","embeddable":true,"href":"https:\/\/appefilhos.pt\/wp-json\/wp\/v2\/product_tag?post=6229"}],"curies":[{"name":"wp","href":"https:\/\/api.w.org\/{rel}","templated":true}]}}