{"id":6439,"date":"2022-11-23T14:37:37","date_gmt":"2022-11-23T14:37:37","guid":{"rendered":"https:\/\/appefilhos.pt\/?post_type=product&#038;p=6439"},"modified":"2022-12-05T17:37:42","modified_gmt":"2022-12-05T17:37:42","slug":"berbequim-de-percussao-te-cd-18-li-i-bl-a-bateria","status":"publish","type":"product","link":"https:\/\/appefilhos.pt\/produto\/berbequim-de-percussao-te-cd-18-li-i-bl-a-bateria\/","title":{"rendered":"Berbequim TE CD 18 A BATERIA"},"content":{"rendered":"<p style=\"text-align: left;\">Berbequim de percuss\u00e3o (art. no.:4513968)<\/p>\n<p style=\"text-align: left;\"><strong>Caracter\u00edsticas berbequim:<\/strong><\/p>\n<ul>\n<li style=\"text-align: left;\">For\u00e7a: 60Nm<\/li>\n<li>Velocidade m\u00e1xima no v\u00e1cuo: 0-500min<\/li>\n<li>Capacidade de perfura\u00e7\u00e3o em bet\u00e3o : 10mm<\/li>\n<li>Inclui 2 baterias de 3 Ah<\/li>\n<\/ul>\n","protected":false},"excerpt":{"rendered":"<p>Berbequim de percuss\u00e3o (art. no.:4513968) Caracter\u00edsticas berbequim: For\u00e7a: 60Nm Velocidade m\u00e1xima no v\u00e1cuo: 0-500min Capacidade de perfura\u00e7\u00e3o em bet\u00e3o : 10mm Inclui 2 baterias de 3 Ah<\/p>\n","protected":false},"featured_media":6491,"comment_status":"closed","ping_status":"closed","template":"","meta":[],"product_cat":[140],"product_tag":[139,141],"class_list":["post-6439","product","type-product","status-publish","has-post-thumbnail","hentry","product_cat-einhell","product_tag-berbequim-de-percussao-te-cd-18","product_tag-einhell"],"_links":{"self":[{"href":"https:\/\/appefilhos.pt\/wp-json\/wp\/v2\/product\/6439","targetHints":{"allow":["GET"]}}],"collection":[{"href":"https:\/\/appefilhos.pt\/wp-json\/wp\/v2\/product"}],"about":[{"href":"https:\/\/appefilhos.pt\/wp-json\/wp\/v2\/types\/product"}],"replies":[{"embeddable":true,"href":"https:\/\/appefilhos.pt\/wp-json\/wp\/v2\/comments?post=6439"}],"wp:featuredmedia":[{"embeddable":true,"href":"https:\/\/appefilhos.pt\/wp-json\/wp\/v2\/media\/6491"}],"wp:attachment":[{"href":"https:\/\/appefilhos.pt\/wp-json\/wp\/v2\/media?parent=6439"}],"wp:term":[{"taxonomy":"product_cat","embeddable":true,"href":"https:\/\/appefilhos.pt\/wp-json\/wp\/v2\/product_cat?post=6439"},{"taxonomy":"product_tag","embeddable":true,"href":"https:\/\/appefilhos.pt\/wp-json\/wp\/v2\/product_tag?post=6439"}],"curies":[{"name":"wp","href":"https:\/\/api.w.org\/{rel}","templated":true}]}}