{"id":6487,"date":"2022-11-24T11:53:36","date_gmt":"2022-11-24T11:53:36","guid":{"rendered":"https:\/\/appefilhos.pt\/?post_type=product&#038;p=6487"},"modified":"2022-12-05T17:37:34","modified_gmt":"2022-12-05T17:37:34","slug":"martelo-herocco-a-bateria","status":"publish","type":"product","link":"https:\/\/appefilhos.pt\/produto\/martelo-herocco-a-bateria\/","title":{"rendered":"Martelo Herocco a bateria"},"content":{"rendered":"<p style=\"text-align: left;\"><strong>Martelo perfurador a bateria<br \/>\n<\/strong><\/p>\n<ul>\n<li style=\"text-align: left;\">Motor sem escovas &#8211; mais pot\u00eancia e maior tempo de funcionamento<\/li>\n<li>4 fun\u00e7\u00f5es: perfura\u00e7\u00e3o\/perfura\u00e7\u00e3o por martelo\/cinzelamento com e sem fixa\u00e7\u00e3o<\/li>\n<li>Mecanismo de martelo pneum\u00e1tico para f\u00e1cil perfura\u00e7\u00e3o em bet\u00e3o<\/li>\n<li>Suporte de ferramentas SDS-plus universal com sistema semi-autom\u00e1tico<\/li>\n<li>Sistema eletr\u00f3nico de controlo de velocidade finamente dose\u00e1vel para trabalhos sens\u00edveis<\/li>\n<li>Trabalhos de baixa vibra\u00e7\u00e3o devido \u00e0 pega antivibra\u00e7\u00e3o<\/li>\n<\/ul>\n","protected":false},"excerpt":{"rendered":"<p>Martelo perfurador a bateria Motor sem escovas &#8211; mais pot\u00eancia e maior tempo de funcionamento 4 fun\u00e7\u00f5es: perfura\u00e7\u00e3o\/perfura\u00e7\u00e3o por martelo\/cinzelamento com e sem fixa\u00e7\u00e3o Mecanismo de martelo pneum\u00e1tico para f\u00e1cil perfura\u00e7\u00e3o em bet\u00e3o Suporte de ferramentas SDS-plus universal com sistema semi-autom\u00e1tico Sistema eletr\u00f3nico de controlo de velocidade finamente dose\u00e1vel para [&hellip;]<\/p>\n","protected":false},"featured_media":6488,"comment_status":"closed","ping_status":"closed","template":"","meta":[],"product_cat":[140],"product_tag":[141,142],"class_list":["post-6487","product","type-product","status-publish","has-post-thumbnail","hentry","product_cat-einhell","product_tag-einhell","product_tag-martelo-herocco"],"_links":{"self":[{"href":"https:\/\/appefilhos.pt\/wp-json\/wp\/v2\/product\/6487","targetHints":{"allow":["GET"]}}],"collection":[{"href":"https:\/\/appefilhos.pt\/wp-json\/wp\/v2\/product"}],"about":[{"href":"https:\/\/appefilhos.pt\/wp-json\/wp\/v2\/types\/product"}],"replies":[{"embeddable":true,"href":"https:\/\/appefilhos.pt\/wp-json\/wp\/v2\/comments?post=6487"}],"wp:featuredmedia":[{"embeddable":true,"href":"https:\/\/appefilhos.pt\/wp-json\/wp\/v2\/media\/6488"}],"wp:attachment":[{"href":"https:\/\/appefilhos.pt\/wp-json\/wp\/v2\/media?parent=6487"}],"wp:term":[{"taxonomy":"product_cat","embeddable":true,"href":"https:\/\/appefilhos.pt\/wp-json\/wp\/v2\/product_cat?post=6487"},{"taxonomy":"product_tag","embeddable":true,"href":"https:\/\/appefilhos.pt\/wp-json\/wp\/v2\/product_tag?post=6487"}],"curies":[{"name":"wp","href":"https:\/\/api.w.org\/{rel}","templated":true}]}}