{"id":6502,"date":"2022-11-25T15:46:28","date_gmt":"2022-11-25T15:46:28","guid":{"rendered":"https:\/\/appefilhos.pt\/?post_type=product&#038;p=6502"},"modified":"2023-01-02T17:24:22","modified_gmt":"2023-01-02T17:24:22","slug":"motoserra-fortexxa-18-20-th","status":"publish","type":"product","link":"https:\/\/appefilhos.pt\/produto\/motoserra-fortexxa-18-20-th\/","title":{"rendered":"Motoserra fortexxa 18\/20 TH"},"content":{"rendered":"<p style=\"text-align: left;\"><strong>Motoserra fortexxa 18\/20 TH (art.no.:4600021)<br \/>\n<\/strong><\/p>\n<ul>\n<li class=\" meta\">Motor Brushless Einhell &#8211; com motor el\u00e9trico sem escovas<\/li>\n<li class=\" meta\">Barra e corrente de qualidade OREGON<\/li>\n<li class=\" meta\">Ideal para a remo\u00e7\u00e3o de ramos e cuidado de \u00e1rvores<\/li>\n<li class=\" meta\">Prote\u00e7\u00e3o de ponta para evitar recuos<\/li>\n<li class=\"meta\">Prote\u00e7\u00e3o antirrecuo com trav\u00e3o de corrente instant\u00e2neo<\/li>\n<li class=\"meta\">Tensionamento de corrente e troca da corrente sem ferramentas<\/li>\n<li class=\"meta\">Pr\u00e1tica, leve e ergon\u00f3mica<\/li>\n<li class=\"meta\">Batente em metal<\/li>\n<li class=\"meta\">Abertura de enchimento de \u00f3leo grande<\/li>\n<li class=\"meta\">Lubrifica\u00e7\u00e3o autom\u00e1tica da corrente<\/li>\n<li class=\"meta\">Pino de reten\u00e7\u00e3o de corrente<\/li>\n<li class=\"meta\">Motosserra de uma s\u00f3 m\u00e3o, apenas para aplica\u00e7\u00e3o profissional<\/li>\n<li class=\"meta\">Recomenda\u00e7\u00e3o para resultados \u00f3ptimos: bateria de 2,5 Ah e maior<\/li>\n<li>N\u00e3o inclui bateria e carregador<\/li>\n<\/ul>\n","protected":false},"excerpt":{"rendered":"<p>Motoserra fortexxa 18\/20 TH (art.no.:4600021) Motor Brushless Einhell &#8211; com motor el\u00e9trico sem escovas Barra e corrente de qualidade OREGON Ideal para a remo\u00e7\u00e3o de ramos e cuidado de \u00e1rvores Prote\u00e7\u00e3o de ponta para evitar recuos Prote\u00e7\u00e3o antirrecuo com trav\u00e3o de corrente instant\u00e2neo Tensionamento de corrente e troca da corrente [&hellip;]<\/p>\n","protected":false},"featured_media":6515,"comment_status":"closed","ping_status":"closed","template":"","meta":[],"product_cat":[140],"product_tag":[141,144],"class_list":["post-6502","product","type-product","status-publish","has-post-thumbnail","hentry","product_cat-einhell","product_tag-einhell","product_tag-motoserra-fortexxa-18-20-th"],"_links":{"self":[{"href":"https:\/\/appefilhos.pt\/wp-json\/wp\/v2\/product\/6502","targetHints":{"allow":["GET"]}}],"collection":[{"href":"https:\/\/appefilhos.pt\/wp-json\/wp\/v2\/product"}],"about":[{"href":"https:\/\/appefilhos.pt\/wp-json\/wp\/v2\/types\/product"}],"replies":[{"embeddable":true,"href":"https:\/\/appefilhos.pt\/wp-json\/wp\/v2\/comments?post=6502"}],"wp:featuredmedia":[{"embeddable":true,"href":"https:\/\/appefilhos.pt\/wp-json\/wp\/v2\/media\/6515"}],"wp:attachment":[{"href":"https:\/\/appefilhos.pt\/wp-json\/wp\/v2\/media?parent=6502"}],"wp:term":[{"taxonomy":"product_cat","embeddable":true,"href":"https:\/\/appefilhos.pt\/wp-json\/wp\/v2\/product_cat?post=6502"},{"taxonomy":"product_tag","embeddable":true,"href":"https:\/\/appefilhos.pt\/wp-json\/wp\/v2\/product_tag?post=6502"}],"curies":[{"name":"wp","href":"https:\/\/api.w.org\/{rel}","templated":true}]}}