{"id":6510,"date":"2022-11-25T16:29:26","date_gmt":"2022-11-25T16:29:26","guid":{"rendered":"https:\/\/appefilhos.pt\/?post_type=product&#038;p=6510"},"modified":"2022-12-05T17:36:16","modified_gmt":"2022-12-05T17:36:16","slug":"compressor-tc-ac-190-24-8","status":"publish","type":"product","link":"https:\/\/appefilhos.pt\/produto\/compressor-tc-ac-190-24-8\/","title":{"rendered":"Compressor TC-AC 190\/24\/8"},"content":{"rendered":"<p style=\"text-align: left;\"><strong>Compressor TC-AC 190\/24\/8 (art.no.:4007325)<br \/>\n<\/strong><\/p>\n<ul>\n<li class=\" meta\">A lubrifica\u00e7\u00e3o a \u00f3leo garante longevidade<\/li>\n<li class=\" meta\">O reservat\u00f3rio de 24 l fornece reservas de ar suficientes<\/li>\n<li class=\" meta\">Muitas aplica\u00e7\u00f5es at\u00e9 8 bar ajust\u00e1veis por meio do redutor de press\u00e3o<\/li>\n<li class=\" meta\">Man\u00f3metro e acoplamento r\u00e1pido para uma press\u00e3o de trabalho regulada<\/li>\n<li class=\" meta\">Rodas de borracha e rolos de transporte para facilitar o transporte<\/li>\n<li class=\"meta\">P\u00e9 de suporte com amortecedor em borracha para redu\u00e7\u00e3o de ru\u00eddo<\/li>\n<li class=\"meta\">10 anos de garantia contra corros\u00e3o do recipiente<\/li>\n<li class=\"meta\">V\u00e1lvula de reten\u00e7\u00e3o, v\u00e1lvula de seguran\u00e7a<\/li>\n<li class=\"meta\">Um parafuso de drenagem permite uma f\u00e1cil manuten\u00e7\u00e3o<\/li>\n<\/ul>\n","protected":false},"excerpt":{"rendered":"<p>Compressor TC-AC 190\/24\/8 (art.no.:4007325) A lubrifica\u00e7\u00e3o a \u00f3leo garante longevidade O reservat\u00f3rio de 24 l fornece reservas de ar suficientes Muitas aplica\u00e7\u00f5es at\u00e9 8 bar ajust\u00e1veis por meio do redutor de press\u00e3o Man\u00f3metro e acoplamento r\u00e1pido para uma press\u00e3o de trabalho regulada Rodas de borracha e rolos de transporte para [&hellip;]<\/p>\n","protected":false},"featured_media":6547,"comment_status":"closed","ping_status":"closed","template":"","meta":[],"product_cat":[140],"product_tag":[145,141],"class_list":["post-6510","product","type-product","status-publish","has-post-thumbnail","hentry","product_cat-einhell","product_tag-compressor-tc-ac-190-24-8","product_tag-einhell"],"_links":{"self":[{"href":"https:\/\/appefilhos.pt\/wp-json\/wp\/v2\/product\/6510","targetHints":{"allow":["GET"]}}],"collection":[{"href":"https:\/\/appefilhos.pt\/wp-json\/wp\/v2\/product"}],"about":[{"href":"https:\/\/appefilhos.pt\/wp-json\/wp\/v2\/types\/product"}],"replies":[{"embeddable":true,"href":"https:\/\/appefilhos.pt\/wp-json\/wp\/v2\/comments?post=6510"}],"wp:featuredmedia":[{"embeddable":true,"href":"https:\/\/appefilhos.pt\/wp-json\/wp\/v2\/media\/6547"}],"wp:attachment":[{"href":"https:\/\/appefilhos.pt\/wp-json\/wp\/v2\/media?parent=6510"}],"wp:term":[{"taxonomy":"product_cat","embeddable":true,"href":"https:\/\/appefilhos.pt\/wp-json\/wp\/v2\/product_cat?post=6510"},{"taxonomy":"product_tag","embeddable":true,"href":"https:\/\/appefilhos.pt\/wp-json\/wp\/v2\/product_tag?post=6510"}],"curies":[{"name":"wp","href":"https:\/\/api.w.org\/{rel}","templated":true}]}}