{"id":6517,"date":"2022-11-25T16:56:42","date_gmt":"2022-11-25T16:56:42","guid":{"rendered":"https:\/\/appefilhos.pt\/?post_type=product&#038;p=6517"},"modified":"2023-01-02T17:22:08","modified_gmt":"2023-01-02T17:22:08","slug":"serrote-poda-bateria-kp6","status":"publish","type":"product","link":"https:\/\/appefilhos.pt\/produto\/serrote-poda-bateria-kp6\/","title":{"rendered":"Serrote poda bateria kp6"},"content":{"rendered":"<p style=\"text-align: left;\">Serrote poda bateria Keeper kp6<\/p>\n<ul>\n<li>Pot\u00eancia m\u00e1xima: 300w<\/li>\n<li>Pot\u00eancia nominal: 150 w<\/li>\n<li>Serra el\u00e9trica que funciona com uma bateria de 18V<\/li>\n<li>Adequado para uso n\u00e3o profissional para corte de madeira com espessura n\u00e3o superior a 80 mm<\/li>\n<li>Ideal para poda e corte de lenha<\/li>\n<li>Inclui bateria, kit de ferramentas (chave de fenda e \u00f3leo), carregador e estojo de transporte<\/li>\n<li>Corte m\u00e1ximo: \u00d8 60-80 mm<\/li>\n<li>Peso com bateria: 1,8kg<\/li>\n<\/ul>\n","protected":false},"excerpt":{"rendered":"<p>Serrote poda bateria Keeper kp6 Pot\u00eancia m\u00e1xima: 300w Pot\u00eancia nominal: 150 w Serra el\u00e9trica que funciona com uma bateria de 18V Adequado para uso n\u00e3o profissional para corte de madeira com espessura n\u00e3o superior a 80 mm Ideal para poda e corte de lenha Inclui bateria, kit de ferramentas (chave [&hellip;]<\/p>\n","protected":false},"featured_media":6518,"comment_status":"closed","ping_status":"closed","template":"","meta":[],"product_cat":[146],"product_tag":[],"class_list":["post-6517","product","type-product","status-publish","has-post-thumbnail","hentry","product_cat-keeper"],"_links":{"self":[{"href":"https:\/\/appefilhos.pt\/wp-json\/wp\/v2\/product\/6517","targetHints":{"allow":["GET"]}}],"collection":[{"href":"https:\/\/appefilhos.pt\/wp-json\/wp\/v2\/product"}],"about":[{"href":"https:\/\/appefilhos.pt\/wp-json\/wp\/v2\/types\/product"}],"replies":[{"embeddable":true,"href":"https:\/\/appefilhos.pt\/wp-json\/wp\/v2\/comments?post=6517"}],"wp:featuredmedia":[{"embeddable":true,"href":"https:\/\/appefilhos.pt\/wp-json\/wp\/v2\/media\/6518"}],"wp:attachment":[{"href":"https:\/\/appefilhos.pt\/wp-json\/wp\/v2\/media?parent=6517"}],"wp:term":[{"taxonomy":"product_cat","embeddable":true,"href":"https:\/\/appefilhos.pt\/wp-json\/wp\/v2\/product_cat?post=6517"},{"taxonomy":"product_tag","embeddable":true,"href":"https:\/\/appefilhos.pt\/wp-json\/wp\/v2\/product_tag?post=6517"}],"curies":[{"name":"wp","href":"https:\/\/api.w.org\/{rel}","templated":true}]}}