{"id":6572,"date":"2022-12-27T17:53:49","date_gmt":"2022-12-27T17:53:49","guid":{"rendered":"https:\/\/appefilhos.pt\/?post_type=product&#038;p=6572"},"modified":"2022-12-28T16:06:11","modified_gmt":"2022-12-28T16:06:11","slug":"bloco-cimento-10","status":"publish","type":"product","link":"https:\/\/appefilhos.pt\/produto\/bloco-cimento-10\/","title":{"rendered":"Bloco cimento"},"content":{"rendered":"<p>&nbsp;<\/p>\n<p style=\"text-align: left;\">Bloco cimento<\/p>\n<ul>\n<li>Bloco fabricado em bet\u00e3o e em bet\u00e3o leve de agregados de argila expandida Leca;<\/li>\n<li>Utiliza-se em todos os tipos de constru\u00e7\u00e3o e apresenta geometria tradicional;<\/li>\n<li>Destinado \u00e0 execu\u00e7\u00e3o de paredes simples e duplas, exteriores ou interiores, de edif\u00edcios industriais, zonas comerciais, naves, caves, armaz\u00e9ns e muros;<\/li>\n<li>Bons \u00edndices de resist\u00eancia e f\u00e1cil aplica\u00e7\u00e3o.<\/li>\n<\/ul>\n<p style=\"text-align: left;\">Medidas existentes:<\/p>\n<p style=\"text-align: left;\">50x20x10<\/p>\n<p style=\"text-align: left;\">50x20x15<\/p>\n<p style=\"text-align: left;\">50x20x20<\/p>\n<p style=\"text-align: left;\">50x20x25<\/p>\n","protected":false},"excerpt":{"rendered":"<p>&nbsp; Bloco cimento Bloco fabricado em bet\u00e3o e em bet\u00e3o leve de agregados de argila expandida Leca; Utiliza-se em todos os tipos de constru\u00e7\u00e3o e apresenta geometria tradicional; Destinado \u00e0 execu\u00e7\u00e3o de paredes simples e duplas, exteriores ou interiores, de edif\u00edcios industriais, zonas comerciais, naves, caves, armaz\u00e9ns e muros; Bons [&hellip;]<\/p>\n","protected":false},"featured_media":6620,"comment_status":"closed","ping_status":"closed","template":"","meta":[],"product_cat":[149],"product_tag":[148],"class_list":["post-6572","product","type-product","status-publish","has-post-thumbnail","hentry","product_cat-artebel","product_tag-bloco-cimento-10"],"_links":{"self":[{"href":"https:\/\/appefilhos.pt\/wp-json\/wp\/v2\/product\/6572","targetHints":{"allow":["GET"]}}],"collection":[{"href":"https:\/\/appefilhos.pt\/wp-json\/wp\/v2\/product"}],"about":[{"href":"https:\/\/appefilhos.pt\/wp-json\/wp\/v2\/types\/product"}],"replies":[{"embeddable":true,"href":"https:\/\/appefilhos.pt\/wp-json\/wp\/v2\/comments?post=6572"}],"wp:featuredmedia":[{"embeddable":true,"href":"https:\/\/appefilhos.pt\/wp-json\/wp\/v2\/media\/6620"}],"wp:attachment":[{"href":"https:\/\/appefilhos.pt\/wp-json\/wp\/v2\/media?parent=6572"}],"wp:term":[{"taxonomy":"product_cat","embeddable":true,"href":"https:\/\/appefilhos.pt\/wp-json\/wp\/v2\/product_cat?post=6572"},{"taxonomy":"product_tag","embeddable":true,"href":"https:\/\/appefilhos.pt\/wp-json\/wp\/v2\/product_tag?post=6572"}],"curies":[{"name":"wp","href":"https:\/\/api.w.org\/{rel}","templated":true}]}}