{"id":6601,"date":"2022-12-28T14:50:24","date_gmt":"2022-12-28T14:50:24","guid":{"rendered":"https:\/\/appefilhos.pt\/?post_type=product&#038;p=6601"},"modified":"2022-12-28T16:04:30","modified_gmt":"2022-12-28T16:04:30","slug":"bloco-termico-20-25-30","status":"publish","type":"product","link":"https:\/\/appefilhos.pt\/produto\/bloco-termico-20-25-30\/","title":{"rendered":"Bloco t\u00e9rmico"},"content":{"rendered":"<p>&nbsp;<\/p>\n<p style=\"text-align: left;\">Bloco t\u00e9rmico<\/p>\n<ul>\n<li>O bloco t\u00e9rmico \u00e9 um bloco em bet\u00e3o leve de agregados de argila expandida (Leca\u00ae), cujo comportamento t\u00e9rmico conjugado com ETICS constitui alternativa regulamentar a solu\u00e7\u00f5es de parede dupla;<\/li>\n<li>Apresenta encaixe macho-f\u00eamea permitindo a realiza\u00e7\u00e3o de juntas verticais secas, que proporcionam corte h\u00eddrico mais eficiente;<\/li>\n<li>Produto ideal para a utiliza\u00e7\u00e3o com ETICS.<\/li>\n<\/ul>\n<p style=\"text-align: left;\">Medidas existentes:<\/p>\n<p style=\"text-align: left;\">50x20x20<\/p>\n<p style=\"text-align: left;\">50x20x25<\/p>\n<p style=\"text-align: left;\">50x20x30<\/p>\n","protected":false},"excerpt":{"rendered":"<p>&nbsp; Bloco t\u00e9rmico O bloco t\u00e9rmico \u00e9 um bloco em bet\u00e3o leve de agregados de argila expandida (Leca\u00ae), cujo comportamento t\u00e9rmico conjugado com ETICS constitui alternativa regulamentar a solu\u00e7\u00f5es de parede dupla; Apresenta encaixe macho-f\u00eamea permitindo a realiza\u00e7\u00e3o de juntas verticais secas, que proporcionam corte h\u00eddrico mais eficiente; Produto ideal [&hellip;]<\/p>\n","protected":false},"featured_media":6619,"comment_status":"closed","ping_status":"closed","template":"","meta":[],"product_cat":[149],"product_tag":[150],"class_list":["post-6601","product","type-product","status-publish","has-post-thumbnail","hentry","product_cat-artebel","product_tag-bloco-termico-20-25-30"],"_links":{"self":[{"href":"https:\/\/appefilhos.pt\/wp-json\/wp\/v2\/product\/6601","targetHints":{"allow":["GET"]}}],"collection":[{"href":"https:\/\/appefilhos.pt\/wp-json\/wp\/v2\/product"}],"about":[{"href":"https:\/\/appefilhos.pt\/wp-json\/wp\/v2\/types\/product"}],"replies":[{"embeddable":true,"href":"https:\/\/appefilhos.pt\/wp-json\/wp\/v2\/comments?post=6601"}],"wp:featuredmedia":[{"embeddable":true,"href":"https:\/\/appefilhos.pt\/wp-json\/wp\/v2\/media\/6619"}],"wp:attachment":[{"href":"https:\/\/appefilhos.pt\/wp-json\/wp\/v2\/media?parent=6601"}],"wp:term":[{"taxonomy":"product_cat","embeddable":true,"href":"https:\/\/appefilhos.pt\/wp-json\/wp\/v2\/product_cat?post=6601"},{"taxonomy":"product_tag","embeddable":true,"href":"https:\/\/appefilhos.pt\/wp-json\/wp\/v2\/product_tag?post=6601"}],"curies":[{"name":"wp","href":"https:\/\/api.w.org\/{rel}","templated":true}]}}