{"id":6610,"date":"2022-12-28T15:19:15","date_gmt":"2022-12-28T15:19:15","guid":{"rendered":"https:\/\/appefilhos.pt\/?post_type=product&#038;p=6610"},"modified":"2022-12-28T15:53:47","modified_gmt":"2022-12-28T15:53:47","slug":"lancil-guia","status":"publish","type":"product","link":"https:\/\/appefilhos.pt\/produto\/lancil-guia\/","title":{"rendered":"Lancil guia"},"content":{"rendered":"<p>&nbsp;<\/p>\n<p style=\"text-align: left;\">Lancil guia<\/p>\n<ul>\n<li>Elemento de bet\u00e3o vibro-prensado de alta resist\u00eancia e perfeito acabamento;<\/li>\n<li>O lancil destina-se a zonas de transi\u00e7\u00e3o entre diferentes tipos de pavimentos, a delimitar\u00a0espa\u00e7os, como passeios, arruamentos e a conferir travamento e resist\u00eancia.<\/li>\n<\/ul>\n<p>&nbsp;<\/p>\n","protected":false},"excerpt":{"rendered":"<p>&nbsp; Lancil guia Elemento de bet\u00e3o vibro-prensado de alta resist\u00eancia e perfeito acabamento; O lancil destina-se a zonas de transi\u00e7\u00e3o entre diferentes tipos de pavimentos, a delimitar\u00a0espa\u00e7os, como passeios, arruamentos e a conferir travamento e resist\u00eancia. &nbsp;<\/p>\n","protected":false},"featured_media":6618,"comment_status":"closed","ping_status":"closed","template":"","meta":[],"product_cat":[149],"product_tag":[151],"class_list":["post-6610","product","type-product","status-publish","has-post-thumbnail","hentry","product_cat-artebel","product_tag-lancil-guia"],"_links":{"self":[{"href":"https:\/\/appefilhos.pt\/wp-json\/wp\/v2\/product\/6610","targetHints":{"allow":["GET"]}}],"collection":[{"href":"https:\/\/appefilhos.pt\/wp-json\/wp\/v2\/product"}],"about":[{"href":"https:\/\/appefilhos.pt\/wp-json\/wp\/v2\/types\/product"}],"replies":[{"embeddable":true,"href":"https:\/\/appefilhos.pt\/wp-json\/wp\/v2\/comments?post=6610"}],"wp:featuredmedia":[{"embeddable":true,"href":"https:\/\/appefilhos.pt\/wp-json\/wp\/v2\/media\/6618"}],"wp:attachment":[{"href":"https:\/\/appefilhos.pt\/wp-json\/wp\/v2\/media?parent=6610"}],"wp:term":[{"taxonomy":"product_cat","embeddable":true,"href":"https:\/\/appefilhos.pt\/wp-json\/wp\/v2\/product_cat?post=6610"},{"taxonomy":"product_tag","embeddable":true,"href":"https:\/\/appefilhos.pt\/wp-json\/wp\/v2\/product_tag?post=6610"}],"curies":[{"name":"wp","href":"https:\/\/api.w.org\/{rel}","templated":true}]}}