{"id":6624,"date":"2022-12-28T16:10:16","date_gmt":"2022-12-28T16:10:16","guid":{"rendered":"https:\/\/appefilhos.pt\/?post_type=product&#038;p=6624"},"modified":"2022-12-28T18:05:57","modified_gmt":"2022-12-28T18:05:57","slug":"pavimento-holanda","status":"publish","type":"product","link":"https:\/\/appefilhos.pt\/produto\/pavimento-holanda\/","title":{"rendered":"Pavimento Holanda"},"content":{"rendered":"<p>&nbsp;<\/p>\n<p style=\"text-align: left;\">Pavimento Holanda<\/p>\n<ul>\n<li>Pav\u00ea em bet\u00e3o vibro-prensado de dupla camada, destinado \u00e0 execu\u00e7\u00e3o de pavimentos em espa\u00e7os exteriores como pavimentos para passeios, arruamentos, portos, parques de estacionamento, zonas de lazer, etc;<\/li>\n<li>O pavimento exterior Holanda assegura as exig\u00eancias funcionais regulamentares de seguran\u00e7a, conforto e de durabilidade, podendo estar sujeito a cargas pedonais e\/ou rolantes, ligeiros e pesados;<\/li>\n<li>\u00c9 suficientemente vers\u00e1til para ser aplicado em contextos t\u00e3o distintos como, por exemplo, o bul\u00edcio da rua ou a intimidade do jardim.<\/li>\n<\/ul>\n<p>&nbsp;<\/p>\n<p style=\"text-align: left;\">\n","protected":false},"excerpt":{"rendered":"<p>&nbsp; Pavimento Holanda Pav\u00ea em bet\u00e3o vibro-prensado de dupla camada, destinado \u00e0 execu\u00e7\u00e3o de pavimentos em espa\u00e7os exteriores como pavimentos para passeios, arruamentos, portos, parques de estacionamento, zonas de lazer, etc; O pavimento exterior Holanda assegura as exig\u00eancias funcionais regulamentares de seguran\u00e7a, conforto e de durabilidade, podendo estar sujeito a [&hellip;]<\/p>\n","protected":false},"featured_media":6636,"comment_status":"closed","ping_status":"closed","template":"","meta":[],"product_cat":[149],"product_tag":[153],"class_list":["post-6624","product","type-product","status-publish","has-post-thumbnail","hentry","product_cat-artebel","product_tag-pavimento-holanda"],"_links":{"self":[{"href":"https:\/\/appefilhos.pt\/wp-json\/wp\/v2\/product\/6624","targetHints":{"allow":["GET"]}}],"collection":[{"href":"https:\/\/appefilhos.pt\/wp-json\/wp\/v2\/product"}],"about":[{"href":"https:\/\/appefilhos.pt\/wp-json\/wp\/v2\/types\/product"}],"replies":[{"embeddable":true,"href":"https:\/\/appefilhos.pt\/wp-json\/wp\/v2\/comments?post=6624"}],"wp:featuredmedia":[{"embeddable":true,"href":"https:\/\/appefilhos.pt\/wp-json\/wp\/v2\/media\/6636"}],"wp:attachment":[{"href":"https:\/\/appefilhos.pt\/wp-json\/wp\/v2\/media?parent=6624"}],"wp:term":[{"taxonomy":"product_cat","embeddable":true,"href":"https:\/\/appefilhos.pt\/wp-json\/wp\/v2\/product_cat?post=6624"},{"taxonomy":"product_tag","embeddable":true,"href":"https:\/\/appefilhos.pt\/wp-json\/wp\/v2\/product_tag?post=6624"}],"curies":[{"name":"wp","href":"https:\/\/api.w.org\/{rel}","templated":true}]}}