{"id":6633,"date":"2022-12-28T16:23:57","date_gmt":"2022-12-28T16:23:57","guid":{"rendered":"https:\/\/appefilhos.pt\/?post_type=product&#038;p=6633"},"modified":"2022-12-28T18:04:42","modified_gmt":"2022-12-28T18:04:42","slug":"hexagonal","status":"publish","type":"product","link":"https:\/\/appefilhos.pt\/produto\/hexagonal\/","title":{"rendered":"Pavimento Hexagonal"},"content":{"rendered":"<p>&nbsp;<\/p>\n<p style=\"text-align: left;\">Pavimento Hexagonal<\/p>\n<ul>\n<li>Pav\u00ea de bet\u00e3o vibro-prensado de dupla camada;<\/li>\n<li>Destinado \u00e0 execu\u00e7\u00e3o de pavimentos em espa\u00e7os exteriores;<\/li>\n<li>O pavimento Hexagonal destina-se a pavimentos exteriores, com excelentes resultados est\u00e9ticos em zonas amplas devido \u00e0 sua geometria e extremamente funcional em zonas de acesso pedonal e\/ou rolante.<\/li>\n<\/ul>\n<p style=\"text-align: left;\">\n","protected":false},"excerpt":{"rendered":"<p>&nbsp; Pavimento Hexagonal Pav\u00ea de bet\u00e3o vibro-prensado de dupla camada; Destinado \u00e0 execu\u00e7\u00e3o de pavimentos em espa\u00e7os exteriores; O pavimento Hexagonal destina-se a pavimentos exteriores, com excelentes resultados est\u00e9ticos em zonas amplas devido \u00e0 sua geometria e extremamente funcional em zonas de acesso pedonal e\/ou rolante.<\/p>\n","protected":false},"featured_media":6634,"comment_status":"closed","ping_status":"closed","template":"","meta":[],"product_cat":[149],"product_tag":[155],"class_list":["post-6633","product","type-product","status-publish","has-post-thumbnail","hentry","product_cat-artebel","product_tag-pavimento-hexagonal"],"_links":{"self":[{"href":"https:\/\/appefilhos.pt\/wp-json\/wp\/v2\/product\/6633","targetHints":{"allow":["GET"]}}],"collection":[{"href":"https:\/\/appefilhos.pt\/wp-json\/wp\/v2\/product"}],"about":[{"href":"https:\/\/appefilhos.pt\/wp-json\/wp\/v2\/types\/product"}],"replies":[{"embeddable":true,"href":"https:\/\/appefilhos.pt\/wp-json\/wp\/v2\/comments?post=6633"}],"wp:featuredmedia":[{"embeddable":true,"href":"https:\/\/appefilhos.pt\/wp-json\/wp\/v2\/media\/6634"}],"wp:attachment":[{"href":"https:\/\/appefilhos.pt\/wp-json\/wp\/v2\/media?parent=6633"}],"wp:term":[{"taxonomy":"product_cat","embeddable":true,"href":"https:\/\/appefilhos.pt\/wp-json\/wp\/v2\/product_cat?post=6633"},{"taxonomy":"product_tag","embeddable":true,"href":"https:\/\/appefilhos.pt\/wp-json\/wp\/v2\/product_tag?post=6633"}],"curies":[{"name":"wp","href":"https:\/\/api.w.org\/{rel}","templated":true}]}}