{"id":6638,"date":"2022-12-28T17:26:25","date_gmt":"2022-12-28T17:26:25","guid":{"rendered":"https:\/\/appefilhos.pt\/?post_type=product&#038;p=6638"},"modified":"2022-12-28T17:52:35","modified_gmt":"2022-12-28T17:52:35","slug":"caixa-visita","status":"publish","type":"product","link":"https:\/\/appefilhos.pt\/produto\/caixa-visita\/","title":{"rendered":"CAIXA DE VISITA"},"content":{"rendered":"<p>&nbsp;<\/p>\n<p style=\"text-align: left;\">Caixa de visita<\/p>\n<ul>\n<li>A CAIXA DE VISITA \u00e9 normalmente utilizada como complemento de saneamento, podendo no entanto servir para instala\u00e7\u00f5es telef\u00f3nicas ou el\u00e9ctricas;<\/li>\n<li>J\u00e1 vem preparada para receber tubos ou manilhas atrav\u00e9s de quatro zonas de quebra pr\u00e9-definidas.<\/li>\n<\/ul>\n<p style=\"text-align: left;\">\n<p>Medidas existentes:<\/p>\n<p>30&#215;30<\/p>\n<p>40&#215;40<\/p>\n<p>50&#215;50<\/p>\n<p>60&#215;60<\/p>\n","protected":false},"excerpt":{"rendered":"<p>&nbsp; Caixa de visita A CAIXA DE VISITA \u00e9 normalmente utilizada como complemento de saneamento, podendo no entanto servir para instala\u00e7\u00f5es telef\u00f3nicas ou el\u00e9ctricas; J\u00e1 vem preparada para receber tubos ou manilhas atrav\u00e9s de quatro zonas de quebra pr\u00e9-definidas. Medidas existentes: 30&#215;30 40&#215;40 50&#215;50 60&#215;60<\/p>\n","protected":false},"featured_media":6639,"comment_status":"closed","ping_status":"closed","template":"","meta":[],"product_cat":[149],"product_tag":[156],"class_list":["post-6638","product","type-product","status-publish","has-post-thumbnail","hentry","product_cat-artebel","product_tag-caixa-de-visita"],"_links":{"self":[{"href":"https:\/\/appefilhos.pt\/wp-json\/wp\/v2\/product\/6638","targetHints":{"allow":["GET"]}}],"collection":[{"href":"https:\/\/appefilhos.pt\/wp-json\/wp\/v2\/product"}],"about":[{"href":"https:\/\/appefilhos.pt\/wp-json\/wp\/v2\/types\/product"}],"replies":[{"embeddable":true,"href":"https:\/\/appefilhos.pt\/wp-json\/wp\/v2\/comments?post=6638"}],"wp:featuredmedia":[{"embeddable":true,"href":"https:\/\/appefilhos.pt\/wp-json\/wp\/v2\/media\/6639"}],"wp:attachment":[{"href":"https:\/\/appefilhos.pt\/wp-json\/wp\/v2\/media?parent=6638"}],"wp:term":[{"taxonomy":"product_cat","embeddable":true,"href":"https:\/\/appefilhos.pt\/wp-json\/wp\/v2\/product_cat?post=6638"},{"taxonomy":"product_tag","embeddable":true,"href":"https:\/\/appefilhos.pt\/wp-json\/wp\/v2\/product_tag?post=6638"}],"curies":[{"name":"wp","href":"https:\/\/api.w.org\/{rel}","templated":true}]}}