{"id":6645,"date":"2022-12-28T17:53:22","date_gmt":"2022-12-28T17:53:22","guid":{"rendered":"https:\/\/appefilhos.pt\/?post_type=product&#038;p=6645"},"modified":"2022-12-28T17:56:38","modified_gmt":"2022-12-28T17:56:38","slug":"ventilador-lajeta-ventilador","status":"publish","type":"product","link":"https:\/\/appefilhos.pt\/produto\/ventilador-lajeta-ventilador\/","title":{"rendered":"Ventilador+lajeta ventilador"},"content":{"rendered":"<p>&nbsp;<\/p>\n<p style=\"text-align: left;\">Bloco de ventila\u00e7\u00e3o\/ fugas de cimento<\/p>\n<ul>\n<li>Os ventiladores distinguem-se da solu\u00e7\u00e3o tradicional pela leveza do bet\u00e3o (Leca\u00ae) e correspondente resist\u00eancia ao fogo, sem no entanto perderem a resist\u00eancia necess\u00e1ria ao fim em vista;<\/li>\n<li>Destinam-se a condutas de ventila\u00e7\u00e3o e gases;<\/li>\n<li>As suas caracter\u00edsticas t\u00e9rmicas conferem melhores propriedades de evacua\u00e7\u00e3o dos gases uma vez que ret\u00eam o calor durante mais tempo, ajudando assim a sua subida.<\/li>\n<\/ul>\n<p>&nbsp;<\/p>\n<p>Medidas existentes:<\/p>\n<p>50&#215;30<\/p>\n<p>30&#215;30<\/p>\n<p style=\"text-align: left;\">\n","protected":false},"excerpt":{"rendered":"<p>&nbsp; Bloco de ventila\u00e7\u00e3o\/ fugas de cimento Os ventiladores distinguem-se da solu\u00e7\u00e3o tradicional pela leveza do bet\u00e3o (Leca\u00ae) e correspondente resist\u00eancia ao fogo, sem no entanto perderem a resist\u00eancia necess\u00e1ria ao fim em vista; Destinam-se a condutas de ventila\u00e7\u00e3o e gases; As suas caracter\u00edsticas t\u00e9rmicas conferem melhores propriedades de evacua\u00e7\u00e3o [&hellip;]<\/p>\n","protected":false},"featured_media":6646,"comment_status":"closed","ping_status":"closed","template":"","meta":[],"product_cat":[149],"product_tag":[157],"class_list":["post-6645","product","type-product","status-publish","has-post-thumbnail","hentry","product_cat-artebel","product_tag-bloco-ventilacao"],"_links":{"self":[{"href":"https:\/\/appefilhos.pt\/wp-json\/wp\/v2\/product\/6645","targetHints":{"allow":["GET"]}}],"collection":[{"href":"https:\/\/appefilhos.pt\/wp-json\/wp\/v2\/product"}],"about":[{"href":"https:\/\/appefilhos.pt\/wp-json\/wp\/v2\/types\/product"}],"replies":[{"embeddable":true,"href":"https:\/\/appefilhos.pt\/wp-json\/wp\/v2\/comments?post=6645"}],"wp:featuredmedia":[{"embeddable":true,"href":"https:\/\/appefilhos.pt\/wp-json\/wp\/v2\/media\/6646"}],"wp:attachment":[{"href":"https:\/\/appefilhos.pt\/wp-json\/wp\/v2\/media?parent=6645"}],"wp:term":[{"taxonomy":"product_cat","embeddable":true,"href":"https:\/\/appefilhos.pt\/wp-json\/wp\/v2\/product_cat?post=6645"},{"taxonomy":"product_tag","embeddable":true,"href":"https:\/\/appefilhos.pt\/wp-json\/wp\/v2\/product_tag?post=6645"}],"curies":[{"name":"wp","href":"https:\/\/api.w.org\/{rel}","templated":true}]}}